{"id":1934,"date":"2022-11-21T23:23:35","date_gmt":"2022-11-22T07:23:35","guid":{"rendered":"https:\/\/www.penderventures.com\/equipe\/lynn-frazer\/"},"modified":"2023-01-31T09:12:08","modified_gmt":"2023-01-31T17:12:08","slug":"lynn-frazer","status":"publish","type":"page","link":"https:\/\/www.penderventures.com\/fr\/equipe\/lynn-frazer\/","title":{"rendered":"Lynn Frazer"},"content":{"rendered":"\n<p>M<sup>me<\/sup> Frazer est entr\u00e9e au service de Pender Ventures \u00e0 titre d\u2019associ\u00e9e en 2018 et est devenue cheffe de la strat\u00e9gie du personnel en 2022. Dans ce r\u00f4le, elle met \u00e0 profit 25 ans d\u2019exp\u00e9rience dans la gestion des ressources humaines pour appuyer l\u2019\u00e9quipe de direction et les \u00e9quipes de ressources humaines pour l\u2019ensemble des portefeuilles de Pender afin de veiller \u00e0 ce que les strat\u00e9gies organisationnelles permettent \u00e0 l\u2019entreprise d\u2019atteindre ses objectifs. Auparavant, M<sup>me<\/sup> Frazer a \u00e9t\u00e9 directrice des ressources humaines pour autoTRADER.ca, apportant son soutien \u00e0 plus de 500 employ\u00e9s \u00e0 l\u2019\u00e9chelle canadienne. Dans ce r\u00f4le, elle a men\u00e9 \u00e0 bien les strat\u00e9gies de RH tout au long de p\u00e9riodes de croissance et de transition suivant l\u2019\u00e9volution de l\u2019entreprise qui est pass\u00e9e d\u2019une soci\u00e9t\u00e9 m\u00e9diatique traditionnelle (imprim\u00e9) \u00e0 une des marques de commerce num\u00e9riques les plus importantes du Canada, offrant des solutions logicielles de premier ordre aux concessionnaires automobiles. Elle poss\u00e8de un baccalaur\u00e9at en commerce de l\u2019Universit\u00e9 de la Colombie-Britannique et poss\u00e8de le titre de conseill\u00e8re en ressources humaines agr\u00e9\u00e9e (CRHA).<\/p>\n","protected":false},"excerpt":{"rendered":"<p>Mme Frazer est entr\u00e9e au service de Pender Ventures \u00e0 titre d\u2019associ\u00e9e en 2018 et est devenue cheffe de la strat\u00e9gie du personnel en 2022. Dans ce r\u00f4le, elle met \u00e0 profit 25 ans d\u2019exp\u00e9rience dans la gestion des ressources humaines pour appuyer l\u2019\u00e9quipe de direction et les \u00e9quipes de ressources humaines pour l\u2019ensemble des [&hellip;]<\/p>\n","protected":false},"author":2,"featured_media":4641,"parent":1915,"menu_order":4,"comment_status":"closed","ping_status":"closed","template":"page-team-single.php","meta":{"footnotes":""},"class_list":["post-1934","page","type-page","status-publish","has-post-thumbnail","hentry"],"yoast_head":"<!-- This site is optimized with the Yoast SEO plugin v27.4 - https:\/\/yoast.com\/product\/yoast-seo-wordpress\/ -->\n<title>Lynn Frazer - Pender Ventures<\/title>\n<meta name=\"robots\" content=\"index, follow, max-snippet:-1, max-image-preview:large, max-video-preview:-1\" \/>\n<link rel=\"canonical\" href=\"https:\/\/www.penderventures.com\/team\/lynn-frazer\/\" \/>\n<meta property=\"og:locale\" content=\"fr_FR\" \/>\n<meta property=\"og:type\" content=\"article\" \/>\n<meta property=\"og:title\" content=\"Lynn Frazer - Pender Ventures\" \/>\n<meta property=\"og:description\" content=\"Mme Frazer est entr\u00e9e au service de Pender Ventures \u00e0 titre d\u2019associ\u00e9e en 2018 et est devenue cheffe de la strat\u00e9gie du personnel en 2022. Dans ce r\u00f4le, elle met \u00e0 profit 25 ans d\u2019exp\u00e9rience dans la gestion des ressources humaines pour appuyer l\u2019\u00e9quipe de direction et les \u00e9quipes de ressources humaines pour l\u2019ensemble des [&hellip;]\" \/>\n<meta property=\"og:url\" content=\"https:\/\/www.penderventures.com\/team\/lynn-frazer\/\" \/>\n<meta property=\"og:site_name\" content=\"Pender Ventures\" \/>\n<meta property=\"article:modified_time\" content=\"2023-01-31T17:12:08+00:00\" \/>\n<meta property=\"og:image\" content=\"https:\/\/www.penderventures.com\/wp-content\/uploads\/2023\/08\/Lynn-August-2023.png\" \/>\n\t<meta property=\"og:image:width\" content=\"1024\" \/>\n\t<meta property=\"og:image:height\" content=\"1024\" \/>\n\t<meta property=\"og:image:type\" content=\"image\/png\" \/>\n<meta name=\"twitter:card\" content=\"summary_large_image\" \/>\n<meta name=\"twitter:site\" content=\"@penderventures\" \/>\n<meta name=\"twitter:label1\" content=\"Dur\u00e9e de lecture estim\u00e9e\" \/>\n\t<meta name=\"twitter:data1\" content=\"1 minute\" \/>\n<script type=\"application\/ld+json\" class=\"yoast-schema-graph\">{\"@context\":\"https:\\\/\\\/schema.org\",\"@graph\":[{\"@type\":\"WebPage\",\"@id\":\"https:\\\/\\\/www.penderventures.com\\\/team\\\/lynn-frazer\\\/\",\"url\":\"https:\\\/\\\/www.penderventures.com\\\/team\\\/lynn-frazer\\\/\",\"name\":\"Lynn Frazer - Pender Ventures\",\"isPartOf\":{\"@id\":\"https:\\\/\\\/www.penderventures.com\\\/#website\"},\"primaryImageOfPage\":{\"@id\":\"https:\\\/\\\/www.penderventures.com\\\/team\\\/lynn-frazer\\\/#primaryimage\"},\"image\":{\"@id\":\"https:\\\/\\\/www.penderventures.com\\\/team\\\/lynn-frazer\\\/#primaryimage\"},\"thumbnailUrl\":\"https:\\\/\\\/www.penderventures.com\\\/wp-content\\\/uploads\\\/2025\\\/12\\\/Lynn.png\",\"datePublished\":\"2022-11-22T07:23:35+00:00\",\"dateModified\":\"2023-01-31T17:12:08+00:00\",\"breadcrumb\":{\"@id\":\"https:\\\/\\\/www.penderventures.com\\\/team\\\/lynn-frazer\\\/#breadcrumb\"},\"inLanguage\":\"fr-FR\",\"potentialAction\":[{\"@type\":\"ReadAction\",\"target\":[\"https:\\\/\\\/www.penderventures.com\\\/team\\\/lynn-frazer\\\/\"]}]},{\"@type\":\"ImageObject\",\"inLanguage\":\"fr-FR\",\"@id\":\"https:\\\/\\\/www.penderventures.com\\\/team\\\/lynn-frazer\\\/#primaryimage\",\"url\":\"https:\\\/\\\/www.penderventures.com\\\/wp-content\\\/uploads\\\/2025\\\/12\\\/Lynn.png\",\"contentUrl\":\"https:\\\/\\\/www.penderventures.com\\\/wp-content\\\/uploads\\\/2025\\\/12\\\/Lynn.png\",\"width\":1080,\"height\":1080},{\"@type\":\"BreadcrumbList\",\"@id\":\"https:\\\/\\\/www.penderventures.com\\\/team\\\/lynn-frazer\\\/#breadcrumb\",\"itemListElement\":[{\"@type\":\"ListItem\",\"position\":1,\"name\":\"Home\",\"item\":\"https:\\\/\\\/www.penderventures.com\\\/fr\\\/\"},{\"@type\":\"ListItem\",\"position\":2,\"name\":\"\u00c9quipe\",\"item\":\"https:\\\/\\\/www.penderventures.com\\\/fr\\\/equipe\\\/\"},{\"@type\":\"ListItem\",\"position\":3,\"name\":\"Lynn Frazer\"}]},{\"@type\":\"WebSite\",\"@id\":\"https:\\\/\\\/www.penderventures.com\\\/#website\",\"url\":\"https:\\\/\\\/www.penderventures.com\\\/\",\"name\":\"Pender Ventures\",\"description\":\"\",\"publisher\":{\"@id\":\"https:\\\/\\\/www.penderventures.com\\\/#organization\"},\"potentialAction\":[{\"@type\":\"SearchAction\",\"target\":{\"@type\":\"EntryPoint\",\"urlTemplate\":\"https:\\\/\\\/www.penderventures.com\\\/?s={search_term_string}\"},\"query-input\":{\"@type\":\"PropertyValueSpecification\",\"valueRequired\":true,\"valueName\":\"search_term_string\"}}],\"inLanguage\":\"fr-FR\"},{\"@type\":\"Organization\",\"@id\":\"https:\\\/\\\/www.penderventures.com\\\/#organization\",\"name\":\"Pender Ventures\",\"url\":\"https:\\\/\\\/www.penderventures.com\\\/\",\"logo\":{\"@type\":\"ImageObject\",\"inLanguage\":\"fr-FR\",\"@id\":\"https:\\\/\\\/www.penderventures.com\\\/#\\\/schema\\\/logo\\\/image\\\/\",\"url\":\"https:\\\/\\\/www.penderventures.com\\\/wp-content\\\/uploads\\\/2022\\\/10\\\/2020_Pender_Ventures_SecondaryHoriz_Eng-e1666819861664.png\",\"contentUrl\":\"https:\\\/\\\/www.penderventures.com\\\/wp-content\\\/uploads\\\/2022\\\/10\\\/2020_Pender_Ventures_SecondaryHoriz_Eng-e1666819861664.png\",\"width\":978,\"height\":127,\"caption\":\"Pender Ventures\"},\"image\":{\"@id\":\"https:\\\/\\\/www.penderventures.com\\\/#\\\/schema\\\/logo\\\/image\\\/\"},\"sameAs\":[\"https:\\\/\\\/x.com\\\/penderventures\",\"https:\\\/\\\/www.linkedin.com\\\/company\\\/pender-ventures\"]}]}<\/script>\n<!-- \/ Yoast SEO plugin. -->","yoast_head_json":{"title":"Lynn Frazer - Pender Ventures","robots":{"index":"index","follow":"follow","max-snippet":"max-snippet:-1","max-image-preview":"max-image-preview:large","max-video-preview":"max-video-preview:-1"},"canonical":"https:\/\/www.penderventures.com\/team\/lynn-frazer\/","og_locale":"fr_FR","og_type":"article","og_title":"Lynn Frazer - Pender Ventures","og_description":"Mme Frazer est entr\u00e9e au service de Pender Ventures \u00e0 titre d\u2019associ\u00e9e en 2018 et est devenue cheffe de la strat\u00e9gie du personnel en 2022. Dans ce r\u00f4le, elle met \u00e0 profit 25 ans d\u2019exp\u00e9rience dans la gestion des ressources humaines pour appuyer l\u2019\u00e9quipe de direction et les \u00e9quipes de ressources humaines pour l\u2019ensemble des [&hellip;]","og_url":"https:\/\/www.penderventures.com\/team\/lynn-frazer\/","og_site_name":"Pender Ventures","article_modified_time":"2023-01-31T17:12:08+00:00","og_image":[{"width":1024,"height":1024,"url":"https:\/\/www.penderventures.com\/wp-content\/uploads\/2023\/08\/Lynn-August-2023.png","type":"image\/png"}],"twitter_card":"summary_large_image","twitter_site":"@penderventures","twitter_misc":{"Dur\u00e9e de lecture estim\u00e9e":"1 minute"},"schema":{"@context":"https:\/\/schema.org","@graph":[{"@type":"WebPage","@id":"https:\/\/www.penderventures.com\/team\/lynn-frazer\/","url":"https:\/\/www.penderventures.com\/team\/lynn-frazer\/","name":"Lynn Frazer - Pender Ventures","isPartOf":{"@id":"https:\/\/www.penderventures.com\/#website"},"primaryImageOfPage":{"@id":"https:\/\/www.penderventures.com\/team\/lynn-frazer\/#primaryimage"},"image":{"@id":"https:\/\/www.penderventures.com\/team\/lynn-frazer\/#primaryimage"},"thumbnailUrl":"https:\/\/www.penderventures.com\/wp-content\/uploads\/2025\/12\/Lynn.png","datePublished":"2022-11-22T07:23:35+00:00","dateModified":"2023-01-31T17:12:08+00:00","breadcrumb":{"@id":"https:\/\/www.penderventures.com\/team\/lynn-frazer\/#breadcrumb"},"inLanguage":"fr-FR","potentialAction":[{"@type":"ReadAction","target":["https:\/\/www.penderventures.com\/team\/lynn-frazer\/"]}]},{"@type":"ImageObject","inLanguage":"fr-FR","@id":"https:\/\/www.penderventures.com\/team\/lynn-frazer\/#primaryimage","url":"https:\/\/www.penderventures.com\/wp-content\/uploads\/2025\/12\/Lynn.png","contentUrl":"https:\/\/www.penderventures.com\/wp-content\/uploads\/2025\/12\/Lynn.png","width":1080,"height":1080},{"@type":"BreadcrumbList","@id":"https:\/\/www.penderventures.com\/team\/lynn-frazer\/#breadcrumb","itemListElement":[{"@type":"ListItem","position":1,"name":"Home","item":"https:\/\/www.penderventures.com\/fr\/"},{"@type":"ListItem","position":2,"name":"\u00c9quipe","item":"https:\/\/www.penderventures.com\/fr\/equipe\/"},{"@type":"ListItem","position":3,"name":"Lynn Frazer"}]},{"@type":"WebSite","@id":"https:\/\/www.penderventures.com\/#website","url":"https:\/\/www.penderventures.com\/","name":"Pender Ventures","description":"","publisher":{"@id":"https:\/\/www.penderventures.com\/#organization"},"potentialAction":[{"@type":"SearchAction","target":{"@type":"EntryPoint","urlTemplate":"https:\/\/www.penderventures.com\/?s={search_term_string}"},"query-input":{"@type":"PropertyValueSpecification","valueRequired":true,"valueName":"search_term_string"}}],"inLanguage":"fr-FR"},{"@type":"Organization","@id":"https:\/\/www.penderventures.com\/#organization","name":"Pender Ventures","url":"https:\/\/www.penderventures.com\/","logo":{"@type":"ImageObject","inLanguage":"fr-FR","@id":"https:\/\/www.penderventures.com\/#\/schema\/logo\/image\/","url":"https:\/\/www.penderventures.com\/wp-content\/uploads\/2022\/10\/2020_Pender_Ventures_SecondaryHoriz_Eng-e1666819861664.png","contentUrl":"https:\/\/www.penderventures.com\/wp-content\/uploads\/2022\/10\/2020_Pender_Ventures_SecondaryHoriz_Eng-e1666819861664.png","width":978,"height":127,"caption":"Pender Ventures"},"image":{"@id":"https:\/\/www.penderventures.com\/#\/schema\/logo\/image\/"},"sameAs":["https:\/\/x.com\/penderventures","https:\/\/www.linkedin.com\/company\/pender-ventures"]}]}},"jetpack_sharing_enabled":true,"_links":{"self":[{"href":"https:\/\/www.penderventures.com\/fr\/wp-json\/wp\/v2\/pages\/1934","targetHints":{"allow":["GET"]}}],"collection":[{"href":"https:\/\/www.penderventures.com\/fr\/wp-json\/wp\/v2\/pages"}],"about":[{"href":"https:\/\/www.penderventures.com\/fr\/wp-json\/wp\/v2\/types\/page"}],"author":[{"embeddable":true,"href":"https:\/\/www.penderventures.com\/fr\/wp-json\/wp\/v2\/users\/2"}],"replies":[{"embeddable":true,"href":"https:\/\/www.penderventures.com\/fr\/wp-json\/wp\/v2\/comments?post=1934"}],"version-history":[{"count":3,"href":"https:\/\/www.penderventures.com\/fr\/wp-json\/wp\/v2\/pages\/1934\/revisions"}],"predecessor-version":[{"id":1947,"href":"https:\/\/www.penderventures.com\/fr\/wp-json\/wp\/v2\/pages\/1934\/revisions\/1947"}],"up":[{"embeddable":true,"href":"https:\/\/www.penderventures.com\/fr\/wp-json\/wp\/v2\/pages\/1915"}],"wp:featuredmedia":[{"embeddable":true,"href":"https:\/\/www.penderventures.com\/fr\/wp-json\/wp\/v2\/media\/4641"}],"wp:attachment":[{"href":"https:\/\/www.penderventures.com\/fr\/wp-json\/wp\/v2\/media?parent=1934"}],"curies":[{"name":"wp","href":"https:\/\/api.w.org\/{rel}","templated":true}]}}