{"id":1931,"date":"2022-11-21T23:22:06","date_gmt":"2022-11-22T07:22:06","guid":{"rendered":"https:\/\/www.penderventures.com\/equipe\/tony-rautava\/"},"modified":"2023-01-30T09:31:19","modified_gmt":"2023-01-30T17:31:19","slug":"tony-rautava","status":"publish","type":"page","link":"https:\/\/www.penderventures.com\/fr\/equipe\/tony-rautava\/","title":{"rendered":"Tony Rautava"},"content":{"rendered":"\n<p>M. Rautava est entr\u00e9 au service de Pender Ventures en 2019. En tant que collaborateur en placement, ses responsabilit\u00e9s portent sur les op\u00e9rations internes des fonds, la gestion au quotidien des portefeuilles et les relations avec les investisseurs. Auparavant, M. Rautava a pass\u00e9 plus de 15 ans dans les op\u00e9rations, la gestion des placements et la production de rapports financiers de fonds d\u2019investissement. Il poss\u00e8de \u00e9galement de l\u2019exp\u00e9rience dans la conformit\u00e9 et la communication continue des renseignements, notamment \u00e0 titre de secr\u00e9taire g\u00e9n\u00e9ral d\u2019un \u00e9metteur cot\u00e9 sur le TSX.<\/p>\n\n<p>Il a apport\u00e9 son soutien aux entreprises du portefeuille en si\u00e9geant \u00e0 plus de 10 conseils, y compris son r\u00f4le actuel aupr\u00e8s de Cooledge Lighting. Il participe activement \u00e0 la communaut\u00e9 des technologies et du capital-risque \u00e0 Vancouver, offrant ses services de membre du conseil et copr\u00e9sident de Vancouver Entrepreneurs Forum. Il poss\u00e8de un BBA avec une sp\u00e9cialisation en finance de l\u2019Universit\u00e9 Trinity Western et a men\u00e9 \u00e0 bien plusieurs cours reli\u00e9s \u00e0 cette industrie.<\/p>\n","protected":false},"excerpt":{"rendered":"<p>M. Rautava est entr\u00e9 au service de Pender Ventures en 2019. En tant que collaborateur en placement, ses responsabilit\u00e9s portent sur les op\u00e9rations internes des fonds, la gestion au quotidien des portefeuilles et les relations avec les investisseurs. Auparavant, M. Rautava a pass\u00e9 plus de 15 ans dans les op\u00e9rations, la gestion des placements et [&hellip;]<\/p>\n","protected":false},"author":2,"featured_media":4647,"parent":1915,"menu_order":7,"comment_status":"closed","ping_status":"closed","template":"page-team-single.php","meta":{"footnotes":""},"class_list":["post-1931","page","type-page","status-publish","has-post-thumbnail","hentry"],"yoast_head":"<!-- This site is optimized with the Yoast SEO plugin v27.4 - https:\/\/yoast.com\/product\/yoast-seo-wordpress\/ -->\n<title>Tony Rautava - Pender Ventures<\/title>\n<meta name=\"robots\" content=\"index, follow, max-snippet:-1, max-image-preview:large, max-video-preview:-1\" \/>\n<link rel=\"canonical\" href=\"https:\/\/www.penderventures.com\/team\/tony-rautava\/\" \/>\n<meta property=\"og:locale\" content=\"fr_FR\" \/>\n<meta property=\"og:type\" content=\"article\" \/>\n<meta property=\"og:title\" content=\"Tony Rautava - Pender Ventures\" \/>\n<meta property=\"og:description\" content=\"M. Rautava est entr\u00e9 au service de Pender Ventures en 2019. En tant que collaborateur en placement, ses responsabilit\u00e9s portent sur les op\u00e9rations internes des fonds, la gestion au quotidien des portefeuilles et les relations avec les investisseurs. Auparavant, M. Rautava a pass\u00e9 plus de 15 ans dans les op\u00e9rations, la gestion des placements et [&hellip;]\" \/>\n<meta property=\"og:url\" content=\"https:\/\/www.penderventures.com\/team\/tony-rautava\/\" \/>\n<meta property=\"og:site_name\" content=\"Pender Ventures\" \/>\n<meta property=\"article:modified_time\" content=\"2023-01-30T17:31:19+00:00\" \/>\n<meta property=\"og:image\" content=\"https:\/\/www.penderventures.com\/wp-content\/uploads\/2023\/08\/Tony-August-2023.png\" \/>\n\t<meta property=\"og:image:width\" content=\"1024\" \/>\n\t<meta property=\"og:image:height\" content=\"1024\" \/>\n\t<meta property=\"og:image:type\" content=\"image\/png\" \/>\n<meta name=\"twitter:card\" content=\"summary_large_image\" \/>\n<meta name=\"twitter:site\" content=\"@penderventures\" \/>\n<meta name=\"twitter:label1\" content=\"Dur\u00e9e de lecture estim\u00e9e\" \/>\n\t<meta name=\"twitter:data1\" content=\"1 minute\" \/>\n<script type=\"application\/ld+json\" class=\"yoast-schema-graph\">{\"@context\":\"https:\\\/\\\/schema.org\",\"@graph\":[{\"@type\":\"WebPage\",\"@id\":\"https:\\\/\\\/www.penderventures.com\\\/team\\\/tony-rautava\\\/\",\"url\":\"https:\\\/\\\/www.penderventures.com\\\/team\\\/tony-rautava\\\/\",\"name\":\"Tony Rautava - Pender Ventures\",\"isPartOf\":{\"@id\":\"https:\\\/\\\/www.penderventures.com\\\/#website\"},\"primaryImageOfPage\":{\"@id\":\"https:\\\/\\\/www.penderventures.com\\\/team\\\/tony-rautava\\\/#primaryimage\"},\"image\":{\"@id\":\"https:\\\/\\\/www.penderventures.com\\\/team\\\/tony-rautava\\\/#primaryimage\"},\"thumbnailUrl\":\"https:\\\/\\\/www.penderventures.com\\\/wp-content\\\/uploads\\\/2025\\\/12\\\/Tony.png\",\"datePublished\":\"2022-11-22T07:22:06+00:00\",\"dateModified\":\"2023-01-30T17:31:19+00:00\",\"breadcrumb\":{\"@id\":\"https:\\\/\\\/www.penderventures.com\\\/team\\\/tony-rautava\\\/#breadcrumb\"},\"inLanguage\":\"fr-FR\",\"potentialAction\":[{\"@type\":\"ReadAction\",\"target\":[\"https:\\\/\\\/www.penderventures.com\\\/team\\\/tony-rautava\\\/\"]}]},{\"@type\":\"ImageObject\",\"inLanguage\":\"fr-FR\",\"@id\":\"https:\\\/\\\/www.penderventures.com\\\/team\\\/tony-rautava\\\/#primaryimage\",\"url\":\"https:\\\/\\\/www.penderventures.com\\\/wp-content\\\/uploads\\\/2025\\\/12\\\/Tony.png\",\"contentUrl\":\"https:\\\/\\\/www.penderventures.com\\\/wp-content\\\/uploads\\\/2025\\\/12\\\/Tony.png\",\"width\":1080,\"height\":1080},{\"@type\":\"BreadcrumbList\",\"@id\":\"https:\\\/\\\/www.penderventures.com\\\/team\\\/tony-rautava\\\/#breadcrumb\",\"itemListElement\":[{\"@type\":\"ListItem\",\"position\":1,\"name\":\"Home\",\"item\":\"https:\\\/\\\/www.penderventures.com\\\/fr\\\/\"},{\"@type\":\"ListItem\",\"position\":2,\"name\":\"\u00c9quipe\",\"item\":\"https:\\\/\\\/www.penderventures.com\\\/fr\\\/equipe\\\/\"},{\"@type\":\"ListItem\",\"position\":3,\"name\":\"Tony Rautava\"}]},{\"@type\":\"WebSite\",\"@id\":\"https:\\\/\\\/www.penderventures.com\\\/#website\",\"url\":\"https:\\\/\\\/www.penderventures.com\\\/\",\"name\":\"Pender Ventures\",\"description\":\"\",\"publisher\":{\"@id\":\"https:\\\/\\\/www.penderventures.com\\\/#organization\"},\"potentialAction\":[{\"@type\":\"SearchAction\",\"target\":{\"@type\":\"EntryPoint\",\"urlTemplate\":\"https:\\\/\\\/www.penderventures.com\\\/?s={search_term_string}\"},\"query-input\":{\"@type\":\"PropertyValueSpecification\",\"valueRequired\":true,\"valueName\":\"search_term_string\"}}],\"inLanguage\":\"fr-FR\"},{\"@type\":\"Organization\",\"@id\":\"https:\\\/\\\/www.penderventures.com\\\/#organization\",\"name\":\"Pender Ventures\",\"url\":\"https:\\\/\\\/www.penderventures.com\\\/\",\"logo\":{\"@type\":\"ImageObject\",\"inLanguage\":\"fr-FR\",\"@id\":\"https:\\\/\\\/www.penderventures.com\\\/#\\\/schema\\\/logo\\\/image\\\/\",\"url\":\"https:\\\/\\\/www.penderventures.com\\\/wp-content\\\/uploads\\\/2022\\\/10\\\/2020_Pender_Ventures_SecondaryHoriz_Eng-e1666819861664.png\",\"contentUrl\":\"https:\\\/\\\/www.penderventures.com\\\/wp-content\\\/uploads\\\/2022\\\/10\\\/2020_Pender_Ventures_SecondaryHoriz_Eng-e1666819861664.png\",\"width\":978,\"height\":127,\"caption\":\"Pender Ventures\"},\"image\":{\"@id\":\"https:\\\/\\\/www.penderventures.com\\\/#\\\/schema\\\/logo\\\/image\\\/\"},\"sameAs\":[\"https:\\\/\\\/x.com\\\/penderventures\",\"https:\\\/\\\/www.linkedin.com\\\/company\\\/pender-ventures\"]}]}<\/script>\n<!-- \/ Yoast SEO plugin. -->","yoast_head_json":{"title":"Tony Rautava - Pender Ventures","robots":{"index":"index","follow":"follow","max-snippet":"max-snippet:-1","max-image-preview":"max-image-preview:large","max-video-preview":"max-video-preview:-1"},"canonical":"https:\/\/www.penderventures.com\/team\/tony-rautava\/","og_locale":"fr_FR","og_type":"article","og_title":"Tony Rautava - Pender Ventures","og_description":"M. Rautava est entr\u00e9 au service de Pender Ventures en 2019. En tant que collaborateur en placement, ses responsabilit\u00e9s portent sur les op\u00e9rations internes des fonds, la gestion au quotidien des portefeuilles et les relations avec les investisseurs. Auparavant, M. Rautava a pass\u00e9 plus de 15 ans dans les op\u00e9rations, la gestion des placements et [&hellip;]","og_url":"https:\/\/www.penderventures.com\/team\/tony-rautava\/","og_site_name":"Pender Ventures","article_modified_time":"2023-01-30T17:31:19+00:00","og_image":[{"width":1024,"height":1024,"url":"https:\/\/www.penderventures.com\/wp-content\/uploads\/2023\/08\/Tony-August-2023.png","type":"image\/png"}],"twitter_card":"summary_large_image","twitter_site":"@penderventures","twitter_misc":{"Dur\u00e9e de lecture estim\u00e9e":"1 minute"},"schema":{"@context":"https:\/\/schema.org","@graph":[{"@type":"WebPage","@id":"https:\/\/www.penderventures.com\/team\/tony-rautava\/","url":"https:\/\/www.penderventures.com\/team\/tony-rautava\/","name":"Tony Rautava - Pender Ventures","isPartOf":{"@id":"https:\/\/www.penderventures.com\/#website"},"primaryImageOfPage":{"@id":"https:\/\/www.penderventures.com\/team\/tony-rautava\/#primaryimage"},"image":{"@id":"https:\/\/www.penderventures.com\/team\/tony-rautava\/#primaryimage"},"thumbnailUrl":"https:\/\/www.penderventures.com\/wp-content\/uploads\/2025\/12\/Tony.png","datePublished":"2022-11-22T07:22:06+00:00","dateModified":"2023-01-30T17:31:19+00:00","breadcrumb":{"@id":"https:\/\/www.penderventures.com\/team\/tony-rautava\/#breadcrumb"},"inLanguage":"fr-FR","potentialAction":[{"@type":"ReadAction","target":["https:\/\/www.penderventures.com\/team\/tony-rautava\/"]}]},{"@type":"ImageObject","inLanguage":"fr-FR","@id":"https:\/\/www.penderventures.com\/team\/tony-rautava\/#primaryimage","url":"https:\/\/www.penderventures.com\/wp-content\/uploads\/2025\/12\/Tony.png","contentUrl":"https:\/\/www.penderventures.com\/wp-content\/uploads\/2025\/12\/Tony.png","width":1080,"height":1080},{"@type":"BreadcrumbList","@id":"https:\/\/www.penderventures.com\/team\/tony-rautava\/#breadcrumb","itemListElement":[{"@type":"ListItem","position":1,"name":"Home","item":"https:\/\/www.penderventures.com\/fr\/"},{"@type":"ListItem","position":2,"name":"\u00c9quipe","item":"https:\/\/www.penderventures.com\/fr\/equipe\/"},{"@type":"ListItem","position":3,"name":"Tony Rautava"}]},{"@type":"WebSite","@id":"https:\/\/www.penderventures.com\/#website","url":"https:\/\/www.penderventures.com\/","name":"Pender Ventures","description":"","publisher":{"@id":"https:\/\/www.penderventures.com\/#organization"},"potentialAction":[{"@type":"SearchAction","target":{"@type":"EntryPoint","urlTemplate":"https:\/\/www.penderventures.com\/?s={search_term_string}"},"query-input":{"@type":"PropertyValueSpecification","valueRequired":true,"valueName":"search_term_string"}}],"inLanguage":"fr-FR"},{"@type":"Organization","@id":"https:\/\/www.penderventures.com\/#organization","name":"Pender Ventures","url":"https:\/\/www.penderventures.com\/","logo":{"@type":"ImageObject","inLanguage":"fr-FR","@id":"https:\/\/www.penderventures.com\/#\/schema\/logo\/image\/","url":"https:\/\/www.penderventures.com\/wp-content\/uploads\/2022\/10\/2020_Pender_Ventures_SecondaryHoriz_Eng-e1666819861664.png","contentUrl":"https:\/\/www.penderventures.com\/wp-content\/uploads\/2022\/10\/2020_Pender_Ventures_SecondaryHoriz_Eng-e1666819861664.png","width":978,"height":127,"caption":"Pender Ventures"},"image":{"@id":"https:\/\/www.penderventures.com\/#\/schema\/logo\/image\/"},"sameAs":["https:\/\/x.com\/penderventures","https:\/\/www.linkedin.com\/company\/pender-ventures"]}]}},"jetpack_sharing_enabled":true,"_links":{"self":[{"href":"https:\/\/www.penderventures.com\/fr\/wp-json\/wp\/v2\/pages\/1931","targetHints":{"allow":["GET"]}}],"collection":[{"href":"https:\/\/www.penderventures.com\/fr\/wp-json\/wp\/v2\/pages"}],"about":[{"href":"https:\/\/www.penderventures.com\/fr\/wp-json\/wp\/v2\/types\/page"}],"author":[{"embeddable":true,"href":"https:\/\/www.penderventures.com\/fr\/wp-json\/wp\/v2\/users\/2"}],"replies":[{"embeddable":true,"href":"https:\/\/www.penderventures.com\/fr\/wp-json\/wp\/v2\/comments?post=1931"}],"version-history":[{"count":2,"href":"https:\/\/www.penderventures.com\/fr\/wp-json\/wp\/v2\/pages\/1931\/revisions"}],"predecessor-version":[{"id":1933,"href":"https:\/\/www.penderventures.com\/fr\/wp-json\/wp\/v2\/pages\/1931\/revisions\/1933"}],"up":[{"embeddable":true,"href":"https:\/\/www.penderventures.com\/fr\/wp-json\/wp\/v2\/pages\/1915"}],"wp:featuredmedia":[{"embeddable":true,"href":"https:\/\/www.penderventures.com\/fr\/wp-json\/wp\/v2\/media\/4647"}],"wp:attachment":[{"href":"https:\/\/www.penderventures.com\/fr\/wp-json\/wp\/v2\/media?parent=1931"}],"curies":[{"name":"wp","href":"https:\/\/api.w.org\/{rel}","templated":true}]}}