{"id":1928,"date":"2022-11-21T23:20:52","date_gmt":"2022-11-22T07:20:52","guid":{"rendered":"https:\/\/www.penderventures.com\/equipe\/meryeme-lahmami\/"},"modified":"2023-01-31T09:13:08","modified_gmt":"2023-01-31T17:13:08","slug":"meryeme-lahmami","status":"publish","type":"page","link":"https:\/\/www.penderventures.com\/fr\/equipe\/meryeme-lahmami\/","title":{"rendered":"Meryeme Lahmami"},"content":{"rendered":"\n<p>M<sup>me<\/sup> Lahmami est entr\u00e9e au service de Pender Ventures en 2022 afin de participer \u00e0 la mise au point de ses pratiques d\u2019investissement dans le secteur des technologies de la sant\u00e9. Auparavant, elle a travaill\u00e9 aupr\u00e8s du fonds Women In Tech Venture de BDC Capital o\u00f9 elle a supervis\u00e9 les placements dans des entreprises de croissance\/en d\u00e9marrage dans les secteurs des biotechnologies, des logiciels d\u2019entreprise et de la sant\u00e9 num\u00e9rique. Avant BDC, elle a \u0153uvr\u00e9 chez Medteq en tant qu\u2019investisseuse o\u00f9 elle a cibl\u00e9 les placements dans les entreprises en d\u00e9marrage de sant\u00e9 num\u00e9rique, de diagnostic et d\u2019appareils m\u00e9dicaux. Elle a commenc\u00e9 sa carri\u00e8re en tant que consultante dans le domaine des produits biologiques et technoportables avant de cofonder une entreprise en d\u00e9marrage de sant\u00e9 technologique appuy\u00e9e par un capital-risque.<br><br>M<sup>me<\/sup> Lahmami participe activement \u00e0 la communaut\u00e9 des entreprises en d\u00e9marrage et agit \u00e0 titre de mentore aupr\u00e8s d\u2019un certain nombre de p\u00e9pini\u00e8res d\u2019entreprises et d\u2019acc\u00e9l\u00e9rateurs de Montr\u00e9al. Elle poss\u00e8de un MBA de l\u2019Universit\u00e9 Laval et un BA de l\u2019ISCAE. N\u00e9e et \u00e9lev\u00e9e au Maroc, elle a \u00e9t\u00e9 une athl\u00e8te de haut niveau qui a comp\u00e9titionn\u00e9 \u00e0 l\u2019international.<\/p>\n","protected":false},"excerpt":{"rendered":"<p>Mme Lahmami est entr\u00e9e au service de Pender Ventures en 2022 afin de participer \u00e0 la mise au point de ses pratiques d\u2019investissement dans le secteur des technologies de la sant\u00e9. Auparavant, elle a travaill\u00e9 aupr\u00e8s du fonds Women In Tech Venture de BDC Capital o\u00f9 elle a supervis\u00e9 les placements dans des entreprises de [&hellip;]<\/p>\n","protected":false},"author":2,"featured_media":4645,"parent":1915,"menu_order":4,"comment_status":"closed","ping_status":"closed","template":"page-team-single.php","meta":{"footnotes":""},"class_list":["post-1928","page","type-page","status-publish","has-post-thumbnail","hentry"],"yoast_head":"<!-- This site is optimized with the Yoast SEO plugin v27.4 - https:\/\/yoast.com\/product\/yoast-seo-wordpress\/ -->\n<title>Meryeme Lahmami - Pender Ventures<\/title>\n<meta name=\"robots\" content=\"index, follow, max-snippet:-1, max-image-preview:large, max-video-preview:-1\" \/>\n<link rel=\"canonical\" href=\"https:\/\/www.penderventures.com\/team\/meryeme-lahmami\/\" \/>\n<meta property=\"og:locale\" content=\"fr_FR\" \/>\n<meta property=\"og:type\" content=\"article\" \/>\n<meta property=\"og:title\" content=\"Meryeme Lahmami - Pender Ventures\" \/>\n<meta property=\"og:description\" content=\"Mme Lahmami est entr\u00e9e au service de Pender Ventures en 2022 afin de participer \u00e0 la mise au point de ses pratiques d\u2019investissement dans le secteur des technologies de la sant\u00e9. Auparavant, elle a travaill\u00e9 aupr\u00e8s du fonds Women In Tech Venture de BDC Capital o\u00f9 elle a supervis\u00e9 les placements dans des entreprises de [&hellip;]\" \/>\n<meta property=\"og:url\" content=\"https:\/\/www.penderventures.com\/team\/meryeme-lahmami\/\" \/>\n<meta property=\"og:site_name\" content=\"Pender Ventures\" \/>\n<meta property=\"article:modified_time\" content=\"2023-01-31T17:13:08+00:00\" \/>\n<meta property=\"og:image\" content=\"https:\/\/www.penderventures.com\/wp-content\/uploads\/2023\/08\/Meryeme-August-2023.png\" \/>\n\t<meta property=\"og:image:width\" content=\"1024\" \/>\n\t<meta property=\"og:image:height\" content=\"1024\" \/>\n\t<meta property=\"og:image:type\" content=\"image\/png\" \/>\n<meta name=\"twitter:card\" content=\"summary_large_image\" \/>\n<meta name=\"twitter:site\" content=\"@penderventures\" \/>\n<meta name=\"twitter:label1\" content=\"Dur\u00e9e de lecture estim\u00e9e\" \/>\n\t<meta name=\"twitter:data1\" content=\"1 minute\" \/>\n<script type=\"application\/ld+json\" class=\"yoast-schema-graph\">{\"@context\":\"https:\\\/\\\/schema.org\",\"@graph\":[{\"@type\":\"WebPage\",\"@id\":\"https:\\\/\\\/www.penderventures.com\\\/team\\\/meryeme-lahmami\\\/\",\"url\":\"https:\\\/\\\/www.penderventures.com\\\/team\\\/meryeme-lahmami\\\/\",\"name\":\"Meryeme Lahmami - Pender Ventures\",\"isPartOf\":{\"@id\":\"https:\\\/\\\/www.penderventures.com\\\/#website\"},\"primaryImageOfPage\":{\"@id\":\"https:\\\/\\\/www.penderventures.com\\\/team\\\/meryeme-lahmami\\\/#primaryimage\"},\"image\":{\"@id\":\"https:\\\/\\\/www.penderventures.com\\\/team\\\/meryeme-lahmami\\\/#primaryimage\"},\"thumbnailUrl\":\"https:\\\/\\\/www.penderventures.com\\\/wp-content\\\/uploads\\\/2025\\\/12\\\/Meryeme.png\",\"datePublished\":\"2022-11-22T07:20:52+00:00\",\"dateModified\":\"2023-01-31T17:13:08+00:00\",\"breadcrumb\":{\"@id\":\"https:\\\/\\\/www.penderventures.com\\\/team\\\/meryeme-lahmami\\\/#breadcrumb\"},\"inLanguage\":\"fr-FR\",\"potentialAction\":[{\"@type\":\"ReadAction\",\"target\":[\"https:\\\/\\\/www.penderventures.com\\\/team\\\/meryeme-lahmami\\\/\"]}]},{\"@type\":\"ImageObject\",\"inLanguage\":\"fr-FR\",\"@id\":\"https:\\\/\\\/www.penderventures.com\\\/team\\\/meryeme-lahmami\\\/#primaryimage\",\"url\":\"https:\\\/\\\/www.penderventures.com\\\/wp-content\\\/uploads\\\/2025\\\/12\\\/Meryeme.png\",\"contentUrl\":\"https:\\\/\\\/www.penderventures.com\\\/wp-content\\\/uploads\\\/2025\\\/12\\\/Meryeme.png\",\"width\":1080,\"height\":1080},{\"@type\":\"BreadcrumbList\",\"@id\":\"https:\\\/\\\/www.penderventures.com\\\/team\\\/meryeme-lahmami\\\/#breadcrumb\",\"itemListElement\":[{\"@type\":\"ListItem\",\"position\":1,\"name\":\"Home\",\"item\":\"https:\\\/\\\/www.penderventures.com\\\/fr\\\/\"},{\"@type\":\"ListItem\",\"position\":2,\"name\":\"\u00c9quipe\",\"item\":\"https:\\\/\\\/www.penderventures.com\\\/fr\\\/equipe\\\/\"},{\"@type\":\"ListItem\",\"position\":3,\"name\":\"Meryeme Lahmami\"}]},{\"@type\":\"WebSite\",\"@id\":\"https:\\\/\\\/www.penderventures.com\\\/#website\",\"url\":\"https:\\\/\\\/www.penderventures.com\\\/\",\"name\":\"Pender Ventures\",\"description\":\"\",\"publisher\":{\"@id\":\"https:\\\/\\\/www.penderventures.com\\\/#organization\"},\"potentialAction\":[{\"@type\":\"SearchAction\",\"target\":{\"@type\":\"EntryPoint\",\"urlTemplate\":\"https:\\\/\\\/www.penderventures.com\\\/?s={search_term_string}\"},\"query-input\":{\"@type\":\"PropertyValueSpecification\",\"valueRequired\":true,\"valueName\":\"search_term_string\"}}],\"inLanguage\":\"fr-FR\"},{\"@type\":\"Organization\",\"@id\":\"https:\\\/\\\/www.penderventures.com\\\/#organization\",\"name\":\"Pender Ventures\",\"url\":\"https:\\\/\\\/www.penderventures.com\\\/\",\"logo\":{\"@type\":\"ImageObject\",\"inLanguage\":\"fr-FR\",\"@id\":\"https:\\\/\\\/www.penderventures.com\\\/#\\\/schema\\\/logo\\\/image\\\/\",\"url\":\"https:\\\/\\\/www.penderventures.com\\\/wp-content\\\/uploads\\\/2022\\\/10\\\/2020_Pender_Ventures_SecondaryHoriz_Eng-e1666819861664.png\",\"contentUrl\":\"https:\\\/\\\/www.penderventures.com\\\/wp-content\\\/uploads\\\/2022\\\/10\\\/2020_Pender_Ventures_SecondaryHoriz_Eng-e1666819861664.png\",\"width\":978,\"height\":127,\"caption\":\"Pender Ventures\"},\"image\":{\"@id\":\"https:\\\/\\\/www.penderventures.com\\\/#\\\/schema\\\/logo\\\/image\\\/\"},\"sameAs\":[\"https:\\\/\\\/x.com\\\/penderventures\",\"https:\\\/\\\/www.linkedin.com\\\/company\\\/pender-ventures\"]}]}<\/script>\n<!-- \/ Yoast SEO plugin. -->","yoast_head_json":{"title":"Meryeme Lahmami - Pender Ventures","robots":{"index":"index","follow":"follow","max-snippet":"max-snippet:-1","max-image-preview":"max-image-preview:large","max-video-preview":"max-video-preview:-1"},"canonical":"https:\/\/www.penderventures.com\/team\/meryeme-lahmami\/","og_locale":"fr_FR","og_type":"article","og_title":"Meryeme Lahmami - Pender Ventures","og_description":"Mme Lahmami est entr\u00e9e au service de Pender Ventures en 2022 afin de participer \u00e0 la mise au point de ses pratiques d\u2019investissement dans le secteur des technologies de la sant\u00e9. Auparavant, elle a travaill\u00e9 aupr\u00e8s du fonds Women In Tech Venture de BDC Capital o\u00f9 elle a supervis\u00e9 les placements dans des entreprises de [&hellip;]","og_url":"https:\/\/www.penderventures.com\/team\/meryeme-lahmami\/","og_site_name":"Pender Ventures","article_modified_time":"2023-01-31T17:13:08+00:00","og_image":[{"width":1024,"height":1024,"url":"https:\/\/www.penderventures.com\/wp-content\/uploads\/2023\/08\/Meryeme-August-2023.png","type":"image\/png"}],"twitter_card":"summary_large_image","twitter_site":"@penderventures","twitter_misc":{"Dur\u00e9e de lecture estim\u00e9e":"1 minute"},"schema":{"@context":"https:\/\/schema.org","@graph":[{"@type":"WebPage","@id":"https:\/\/www.penderventures.com\/team\/meryeme-lahmami\/","url":"https:\/\/www.penderventures.com\/team\/meryeme-lahmami\/","name":"Meryeme Lahmami - Pender Ventures","isPartOf":{"@id":"https:\/\/www.penderventures.com\/#website"},"primaryImageOfPage":{"@id":"https:\/\/www.penderventures.com\/team\/meryeme-lahmami\/#primaryimage"},"image":{"@id":"https:\/\/www.penderventures.com\/team\/meryeme-lahmami\/#primaryimage"},"thumbnailUrl":"https:\/\/www.penderventures.com\/wp-content\/uploads\/2025\/12\/Meryeme.png","datePublished":"2022-11-22T07:20:52+00:00","dateModified":"2023-01-31T17:13:08+00:00","breadcrumb":{"@id":"https:\/\/www.penderventures.com\/team\/meryeme-lahmami\/#breadcrumb"},"inLanguage":"fr-FR","potentialAction":[{"@type":"ReadAction","target":["https:\/\/www.penderventures.com\/team\/meryeme-lahmami\/"]}]},{"@type":"ImageObject","inLanguage":"fr-FR","@id":"https:\/\/www.penderventures.com\/team\/meryeme-lahmami\/#primaryimage","url":"https:\/\/www.penderventures.com\/wp-content\/uploads\/2025\/12\/Meryeme.png","contentUrl":"https:\/\/www.penderventures.com\/wp-content\/uploads\/2025\/12\/Meryeme.png","width":1080,"height":1080},{"@type":"BreadcrumbList","@id":"https:\/\/www.penderventures.com\/team\/meryeme-lahmami\/#breadcrumb","itemListElement":[{"@type":"ListItem","position":1,"name":"Home","item":"https:\/\/www.penderventures.com\/fr\/"},{"@type":"ListItem","position":2,"name":"\u00c9quipe","item":"https:\/\/www.penderventures.com\/fr\/equipe\/"},{"@type":"ListItem","position":3,"name":"Meryeme Lahmami"}]},{"@type":"WebSite","@id":"https:\/\/www.penderventures.com\/#website","url":"https:\/\/www.penderventures.com\/","name":"Pender Ventures","description":"","publisher":{"@id":"https:\/\/www.penderventures.com\/#organization"},"potentialAction":[{"@type":"SearchAction","target":{"@type":"EntryPoint","urlTemplate":"https:\/\/www.penderventures.com\/?s={search_term_string}"},"query-input":{"@type":"PropertyValueSpecification","valueRequired":true,"valueName":"search_term_string"}}],"inLanguage":"fr-FR"},{"@type":"Organization","@id":"https:\/\/www.penderventures.com\/#organization","name":"Pender Ventures","url":"https:\/\/www.penderventures.com\/","logo":{"@type":"ImageObject","inLanguage":"fr-FR","@id":"https:\/\/www.penderventures.com\/#\/schema\/logo\/image\/","url":"https:\/\/www.penderventures.com\/wp-content\/uploads\/2022\/10\/2020_Pender_Ventures_SecondaryHoriz_Eng-e1666819861664.png","contentUrl":"https:\/\/www.penderventures.com\/wp-content\/uploads\/2022\/10\/2020_Pender_Ventures_SecondaryHoriz_Eng-e1666819861664.png","width":978,"height":127,"caption":"Pender Ventures"},"image":{"@id":"https:\/\/www.penderventures.com\/#\/schema\/logo\/image\/"},"sameAs":["https:\/\/x.com\/penderventures","https:\/\/www.linkedin.com\/company\/pender-ventures"]}]}},"jetpack_sharing_enabled":true,"_links":{"self":[{"href":"https:\/\/www.penderventures.com\/fr\/wp-json\/wp\/v2\/pages\/1928","targetHints":{"allow":["GET"]}}],"collection":[{"href":"https:\/\/www.penderventures.com\/fr\/wp-json\/wp\/v2\/pages"}],"about":[{"href":"https:\/\/www.penderventures.com\/fr\/wp-json\/wp\/v2\/types\/page"}],"author":[{"embeddable":true,"href":"https:\/\/www.penderventures.com\/fr\/wp-json\/wp\/v2\/users\/2"}],"replies":[{"embeddable":true,"href":"https:\/\/www.penderventures.com\/fr\/wp-json\/wp\/v2\/comments?post=1928"}],"version-history":[{"count":3,"href":"https:\/\/www.penderventures.com\/fr\/wp-json\/wp\/v2\/pages\/1928\/revisions"}],"predecessor-version":[{"id":1949,"href":"https:\/\/www.penderventures.com\/fr\/wp-json\/wp\/v2\/pages\/1928\/revisions\/1949"}],"up":[{"embeddable":true,"href":"https:\/\/www.penderventures.com\/fr\/wp-json\/wp\/v2\/pages\/1915"}],"wp:featuredmedia":[{"embeddable":true,"href":"https:\/\/www.penderventures.com\/fr\/wp-json\/wp\/v2\/media\/4645"}],"wp:attachment":[{"href":"https:\/\/www.penderventures.com\/fr\/wp-json\/wp\/v2\/media?parent=1928"}],"curies":[{"name":"wp","href":"https:\/\/api.w.org\/{rel}","templated":true}]}}