{"id":1705,"date":"2022-10-26T21:56:14","date_gmt":"2022-10-27T04:56:14","guid":{"rendered":"https:\/\/penderventures.com\/home\/"},"modified":"2023-01-31T09:21:32","modified_gmt":"2023-01-31T17:21:32","slug":"home","status":"publish","type":"page","link":"https:\/\/www.penderventures.com\/fr\/","title":{"rendered":"Accueil"},"content":{"rendered":"\n<div class=\"wp-block-group group-top french-home-title\"><div class=\"wp-block-group__inner-container is-layout-flow wp-block-group-is-layout-flow\">\n<h1 class=\"wp-block-heading\">Nous donnons notre appui aux entreprises en d\u00e9marrage qui sont&nbsp;<span class=\"cycle-words\"><span>valid\u00e9es<\/span><span>percutantes<\/span><span>r\u00e9silientes<\/span><span>\u00e9volutives<\/span><span>diverses<\/span><\/span><\/h1>\n<\/div><\/div>\n\n\n\n<div class=\"wp-block-group\"><div class=\"wp-block-group__inner-container is-layout-flow wp-block-group-is-layout-flow\">\n<div class=\"wp-block-columns is-layout-flex wp-container-core-columns-is-layout-9d6595d7 wp-block-columns-is-layout-flex\">\n<div class=\"wp-block-column home-graph is-layout-flow wp-block-column-is-layout-flow\">\n<div class=\"wp-block-gb-lottiefiles graph\" style=\"background-color:transparent\"><lottie-player id=\"xrdqgekr\" interactivitytype=\"none\" interactivitymode=\"none\" visibilitystart=\"0\" visibilityend=\"1\" framesstart=\"0\" framesend=\"120\" rest=\"{&quot;autoplay&quot;:false,&quot;loop&quot;:true,&quot;controls&quot;:null}\" totalframes=\"120\" mode=\"bounce\" src=\"https:\/\/www.penderventures.com\/wp-content\/uploads\/2022\/11\/1669136565.json\" speed=\"1\" background=\"transparent\" class=\"lottie-player mx-auto\" style=\"width:;height:\"><\/lottie-player><\/div>\n<\/div>\n\n\n\n<div class=\"wp-block-column is-vertically-aligned-bottom is-layout-flow wp-block-column-is-layout-flow\">\n<h3 class=\"wp-block-heading\">Nous sommes des investisseurs en technologie, passionn\u00e9s par les soins de la sant\u00e9&nbsp;<\/h3>\n\n\n\n<p>Ici \u00e0 Pender Venture, nous investissons dans des entreprises en d\u00e9marrage de logiciels interentreprises (B2B) et de technologie de la sant\u00e9 au point d\u2019inflexion entre la commercialisation et la croissance. Nous ciblons les soci\u00e9t\u00e9s canadiennes, mais nous pouvons investir partout en Am\u00e9rique du Nord.&nbsp; Nous mettons actuellement \u00e0 profit notre deuxi\u00e8me fonds pour investir activement, donc appel aux fondateurs, fournisseurs de services ou professionnels des \u00e9cosyst\u00e8mes, n\u2019h\u00e9sitez pas \u00e0 communiquer avec nous.<\/p>\n\n\n\n<p><a href=\"https:\/\/www.penderventures.com\/fr\/these\/\">Pour en savoir davantage \u2197\ufe0e\ufe0e\ufe0e\ufe0e<\/a><\/p>\n<\/div>\n<\/div>\n<\/div><\/div>\n\n\n\n<div class=\"wp-block-cover is-light cover-blue\"><span aria-hidden=\"true\" class=\"wp-block-cover__background has-background-dim-0 has-background-dim\" style=\"background-color:#263947\"><\/span><div class=\"wp-block-cover__inner-container is-layout-flow wp-block-cover-is-layout-flow\">\n<div class=\"wp-block-group\"><div class=\"wp-block-group__inner-container is-layout-flow wp-block-group-is-layout-flow\">\n<h2 class=\"has-text-align-center wp-block-heading\">Des entreprises qui font avancer notre monde&nbsp;<\/h2>\n\n\n\n\n\n\n<p class=\"has-text-align-center\"><a href=\"https:\/\/www.penderventures.com\/fr\/portefeuille\/\" data-type=\"page\" data-id=\"68\">Voir le portefeuille \u2197\ufe0e<\/a><\/p>\n<\/div><\/div>\n<\/div><\/div>\n\n\n\n<div class=\"wp-block-group\"><div class=\"wp-block-group__inner-container is-layout-flow wp-block-group-is-layout-flow\">\n<div class=\"wp-block-columns is-layout-flex wp-container-core-columns-is-layout-9d6595d7 wp-block-columns-is-layout-flex\">\n<div class=\"wp-block-column is-layout-flow wp-block-column-is-layout-flow\">\n<h2 class=\"wp-block-heading\">Nous aimons mettre la main \u00e0 la p\u00e2te&nbsp;<\/h2>\n<\/div>\n\n\n\n<div class=\"wp-block-column is-vertically-aligned-bottom is-layout-flow wp-block-column-is-layout-flow\">\n<p>En tant qu\u2019investisseurs impliqu\u00e9s, nous nous sommes engag\u00e9s \u00e0 appuyer la cr\u00e9ation et la croissance des soci\u00e9t\u00e9s, du recrutement au d\u00e9veloppement des affaires en passant par le financement et les strat\u00e9gies d\u2019entreprise. Nous sommes \u00e9galement des membres actifs au sein des conseils des directeurs. Notre plateforme en pleine \u00e9volution offre du soutien aux personnes et aux cultures, \u00e0 l\u2019int\u00e9gration ESG et \u00e0 la planification des strat\u00e9gies de sortie.<\/p>\n<\/div>\n<\/div>\n\n\n\n<div class=\"wp-block-gb-lottiefiles abacus\" style=\"background-color:transparent\"><lottie-player id=\"bkpabzia\" interactivitytype=\"none\" interactivitymode=\"none\" visibilitystart=\"0\" visibilityend=\"1\" framesstart=\"0\" framesend=\"25\" rest=\"{&quot;autoplay&quot;:true,&quot;loop&quot;:true,&quot;controls&quot;:null}\" totalframes=\"25\" mode=\"normal\" src=\"https:\/\/www.penderventures.com\/wp-content\/uploads\/2022\/11\/1669136871.json\" speed=\"1\" background=\"transparent\" class=\"lottie-player mx-auto\" style=\"width:90%;height:auto\"><\/lottie-player><\/div>\n<\/div><\/div>\n\n\n\n<div class=\"wp-block-group\"><div class=\"wp-block-group__inner-container is-layout-flow wp-block-group-is-layout-flow\">\n<h2 class=\"has-text-align-center wp-block-heading\">Une \u00e9quipe d\u00e9vou\u00e9e, exp\u00e9riment\u00e9e et diverse<\/h2>\n\n\n\n<p class=\"has-text-align-center\">Forte de plusieurs d\u00e9cennies d\u2019exp\u00e9rience, notre \u00e9quipe a le savoir-faire pour exploiter les entreprises en d\u00e9marrage, investir dans les entrepreneurs et modeler les \u00e9cosyst\u00e8mes technologiques. Notre diversit\u00e9 nous permet d\u2019\u00e9tablir des liens entre les diff\u00e9rentes collectivit\u00e9s et de r\u00e9duire les angles morts dans le processus d\u00e9cisionnel.<\/p>\n\n\n\n<figure class=\"wp-block-gallery has-nested-images columns-default is-cropped team-gallery home wp-block-gallery-2 is-layout-flex wp-block-gallery-is-layout-flex\">\n<figure class=\"wp-block-image size-large\"><a href=\"https:\/\/penderventures.com\/team\/maria-pacella-cfa\/\"><img loading=\"lazy\" decoding=\"async\" width=\"1024\" height=\"1024\" data-id=\"1275\" src=\"https:\/\/penderventures.com\/wp-content\/uploads\/2023\/01\/Maria-1024x1024.jpg\" alt=\"\" class=\"wp-image-1275\" srcset=\"https:\/\/www.penderventures.com\/wp-content\/uploads\/2023\/01\/Maria.jpg 1024w, https:\/\/www.penderventures.com\/wp-content\/uploads\/2023\/01\/Maria-300x300.jpg 300w, https:\/\/www.penderventures.com\/wp-content\/uploads\/2023\/01\/Maria-150x150.jpg 150w, https:\/\/www.penderventures.com\/wp-content\/uploads\/2023\/01\/Maria-768x768.jpg 768w\" sizes=\"auto, (max-width: 1024px) 100vw, 1024px\" \/><\/a><\/figure>\n\n\n\n<figure class=\"wp-block-image size-large\"><a href=\"https:\/\/penderventures.com\/team\/kenndal-mcardle\/\"><img loading=\"lazy\" decoding=\"async\" width=\"1024\" height=\"1024\" data-id=\"1273\" src=\"https:\/\/penderventures.com\/wp-content\/uploads\/2023\/01\/Kenndal-1024x1024.jpg\" alt=\"\" class=\"wp-image-1273\" srcset=\"https:\/\/www.penderventures.com\/wp-content\/uploads\/2023\/01\/Kenndal.jpg 1024w, https:\/\/www.penderventures.com\/wp-content\/uploads\/2023\/01\/Kenndal-300x300.jpg 300w, https:\/\/www.penderventures.com\/wp-content\/uploads\/2023\/01\/Kenndal-150x150.jpg 150w, https:\/\/www.penderventures.com\/wp-content\/uploads\/2023\/01\/Kenndal-768x768.jpg 768w\" sizes=\"auto, (max-width: 1024px) 100vw, 1024px\" \/><\/a><\/figure>\n\n\n\n<figure class=\"wp-block-image size-large\"><a href=\"https:\/\/penderventures.com\/team\/issac-souweine\/\"><img loading=\"lazy\" decoding=\"async\" width=\"1024\" height=\"1024\" data-id=\"1270\" src=\"https:\/\/penderventures.com\/wp-content\/uploads\/2023\/01\/Issac-1024x1024.jpg\" alt=\"\" class=\"wp-image-1270\" srcset=\"https:\/\/www.penderventures.com\/wp-content\/uploads\/2023\/01\/Issac.jpg 1024w, https:\/\/www.penderventures.com\/wp-content\/uploads\/2023\/01\/Issac-300x300.jpg 300w, https:\/\/www.penderventures.com\/wp-content\/uploads\/2023\/01\/Issac-150x150.jpg 150w, https:\/\/www.penderventures.com\/wp-content\/uploads\/2023\/01\/Issac-768x768.jpg 768w\" sizes=\"auto, (max-width: 1024px) 100vw, 1024px\" \/><\/a><\/figure>\n\n\n\n<figure class=\"wp-block-image size-large\"><a href=\"https:\/\/penderventures.com\/team\/meryeme-lahmami\/\"><img loading=\"lazy\" decoding=\"async\" width=\"1024\" height=\"1024\" data-id=\"1276\" src=\"https:\/\/penderventures.com\/wp-content\/uploads\/2023\/01\/Meryeme-1024x1024.jpg\" alt=\"\" class=\"wp-image-1276\" srcset=\"https:\/\/www.penderventures.com\/wp-content\/uploads\/2023\/01\/Meryeme.jpg 1024w, https:\/\/www.penderventures.com\/wp-content\/uploads\/2023\/01\/Meryeme-300x300.jpg 300w, https:\/\/www.penderventures.com\/wp-content\/uploads\/2023\/01\/Meryeme-150x150.jpg 150w, https:\/\/www.penderventures.com\/wp-content\/uploads\/2023\/01\/Meryeme-768x768.jpg 768w\" sizes=\"auto, (max-width: 1024px) 100vw, 1024px\" \/><\/a><\/figure>\n\n\n\n<figure class=\"wp-block-image size-large\"><a href=\"https:\/\/penderventures.com\/team\/tony-rautava\/\"><img loading=\"lazy\" decoding=\"async\" width=\"1024\" height=\"1024\" data-id=\"1277\" src=\"https:\/\/penderventures.com\/wp-content\/uploads\/2023\/01\/Tony-1024x1024.jpg\" alt=\"\" class=\"wp-image-1277\" srcset=\"https:\/\/www.penderventures.com\/wp-content\/uploads\/2023\/01\/Tony.jpg 1024w, https:\/\/www.penderventures.com\/wp-content\/uploads\/2023\/01\/Tony-300x300.jpg 300w, https:\/\/www.penderventures.com\/wp-content\/uploads\/2023\/01\/Tony-150x150.jpg 150w, https:\/\/www.penderventures.com\/wp-content\/uploads\/2023\/01\/Tony-768x768.jpg 768w\" sizes=\"auto, (max-width: 1024px) 100vw, 1024px\" \/><\/a><\/figure>\n\n\n\n<figure class=\"wp-block-image size-large\"><a href=\"https:\/\/penderventures.com\/team\/lynn-frazer\/\"><img loading=\"lazy\" decoding=\"async\" width=\"1024\" height=\"1024\" data-id=\"1274\" src=\"https:\/\/penderventures.com\/wp-content\/uploads\/2023\/01\/Lynn-1024x1024.jpg\" alt=\"\" class=\"wp-image-1274\" srcset=\"https:\/\/www.penderventures.com\/wp-content\/uploads\/2023\/01\/Lynn.jpg 1024w, https:\/\/www.penderventures.com\/wp-content\/uploads\/2023\/01\/Lynn-300x300.jpg 300w, https:\/\/www.penderventures.com\/wp-content\/uploads\/2023\/01\/Lynn-150x150.jpg 150w, https:\/\/www.penderventures.com\/wp-content\/uploads\/2023\/01\/Lynn-768x768.jpg 768w\" sizes=\"auto, (max-width: 1024px) 100vw, 1024px\" \/><\/a><\/figure>\n<\/figure>\n\n\n\n<p class=\"has-text-align-center\"><a href=\"https:\/\/penderventures.com\/team\/\" data-type=\"page\" data-id=\"119\">Notre \u00e9quipe \u2197\ufe0e<\/a><\/p>\n<\/div><\/div>\n\n\n\n<div class=\"wp-block-cover is-light\"><span aria-hidden=\"true\" class=\"wp-block-cover__background has-white-background-color has-background-dim-100 has-background-dim\"><\/span><div class=\"wp-block-cover__inner-container is-layout-flow wp-block-cover-is-layout-flow\">\n<div class=\"wp-block-columns pender-info is-layout-flex wp-container-core-columns-is-layout-9d6595d7 wp-block-columns-is-layout-flex\">\n<div class=\"wp-block-column is-vertically-aligned-top pender-image is-layout-flow wp-block-column-is-layout-flow\" style=\"flex-basis:33.33%\">\n<figure class=\"wp-block-image size-large\"><img loading=\"lazy\" decoding=\"async\" width=\"1024\" height=\"576\" src=\"https:\/\/penderventures.com\/wp-content\/uploads\/2022\/11\/WhytecliffPark_1920x1080-1024x576.jpg\" alt=\"\" class=\"wp-image-224\" srcset=\"https:\/\/www.penderventures.com\/wp-content\/uploads\/2022\/11\/WhytecliffPark_1920x1080-1024x576.jpg 1024w, https:\/\/www.penderventures.com\/wp-content\/uploads\/2022\/11\/WhytecliffPark_1920x1080-300x169.jpg 300w, https:\/\/www.penderventures.com\/wp-content\/uploads\/2022\/11\/WhytecliffPark_1920x1080-768x432.jpg 768w, https:\/\/www.penderventures.com\/wp-content\/uploads\/2022\/11\/WhytecliffPark_1920x1080-1536x864.jpg 1536w, https:\/\/www.penderventures.com\/wp-content\/uploads\/2022\/11\/WhytecliffPark_1920x1080.jpg 1920w\" sizes=\"auto, (max-width: 1024px) 100vw, 1024px\" \/><\/figure>\n<\/div>\n\n\n\n<div class=\"wp-block-column is-vertically-aligned-center cover-blue pender-info is-layout-flow wp-block-column-is-layout-flow\" style=\"flex-basis:66.66%\">\n<div class=\"wp-block-group\"><div class=\"wp-block-group__inner-container is-layout-flow wp-block-group-is-layout-flow\">\n<h3 class=\"has-text-align-left wp-block-heading\">L\u2019\u00e9volution au c\u0153ur de notre plateforme<\/h3>\n\n\n\n<p class=\"has-text-align-left\">Pender Ventures est appuy\u00e9e par Gestion de capital PenderFund, un groupe diversifi\u00e9 d\u2019analystes, de s\u00e9lectionneurs de titres et de penseurs ind\u00e9pendants qui g\u00e8rent des strat\u00e9gies ax\u00e9es sur les actions cot\u00e9es en bourse, les titres \u00e0 revenu fixe et les solutions alternatives liquides. L\u2019int\u00e9gration de Pender Ventures \u00e0 PenderFund augment la port\u00e9e et la qualit\u00e9 de notre r\u00e9seau, notre compr\u00e9hension des march\u00e9s dans lesquels nous investissons et notre capacit\u00e9 \u00e0 porter main-forte aux entreprises tout au long de leur croissance.<\/p>\n\n\n\n<p class=\"has-text-align-left\"><a href=\"https:\/\/www.penderfund.com\/fr\/\" data-type=\"URL\" target=\"_blank\" rel=\"noreferrer noopener\">Pour en savoir davantage \u2197\ufe0e<\/a><\/p>\n<\/div><\/div>\n<\/div>\n<\/div>\n<\/div><\/div>\n","protected":false},"excerpt":{"rendered":"<p>Nous donnons notre appui aux entreprises en d\u00e9marrage qui sont&nbsp;valid\u00e9espercutantesr\u00e9silientes\u00e9volutivesdiverses Nous sommes des investisseurs en technologie, passionn\u00e9s par les soins de la sant\u00e9&nbsp; Ici \u00e0 Pender Venture, nous investissons dans des entreprises en d\u00e9marrage de logiciels interentreprises (B2B) et de technologie de la sant\u00e9 au point d\u2019inflexion entre la commercialisation et la croissance. Nous ciblons [&hellip;]<\/p>\n","protected":false},"author":2,"featured_media":1911,"parent":0,"menu_order":0,"comment_status":"closed","ping_status":"closed","template":"","meta":{"footnotes":""},"class_list":["post-1705","page","type-page","status-publish","has-post-thumbnail","hentry"],"yoast_head":"<!-- This site is optimized with the Yoast SEO plugin v27.4 - https:\/\/yoast.com\/product\/yoast-seo-wordpress\/ -->\n<title>Accueil - Pender Ventures<\/title>\n<meta name=\"description\" content=\"Ici \u00e0 Pender Venture, nous investissons dans des entreprises en d\u00e9marrage de logiciels interentreprises (B2B) et de technologie de la sant\u00e9 au point d\u2019inflexion entre la commercialisation et la croissance\" \/>\n<meta name=\"robots\" content=\"index, follow, max-snippet:-1, max-image-preview:large, max-video-preview:-1\" \/>\n<link rel=\"canonical\" href=\"https:\/\/www.penderventures.com\/fr\/\" \/>\n<meta property=\"og:locale\" content=\"fr_FR\" \/>\n<meta property=\"og:type\" content=\"article\" \/>\n<meta property=\"og:title\" content=\"Accueil - Pender Ventures\" \/>\n<meta property=\"og:description\" content=\"Ici \u00e0 Pender Venture, nous investissons dans des entreprises en d\u00e9marrage de logiciels interentreprises (B2B) et de technologie de la sant\u00e9 au point d\u2019inflexion entre la commercialisation et la croissance\" \/>\n<meta property=\"og:url\" content=\"https:\/\/www.penderventures.com\/fr\/\" \/>\n<meta property=\"og:site_name\" content=\"Pender Ventures\" \/>\n<meta property=\"article:modified_time\" content=\"2023-01-31T17:21:32+00:00\" \/>\n<meta property=\"og:image\" content=\"https:\/\/www.penderventures.com\/wp-content\/uploads\/2023\/01\/pv_logo_SEO-2.png\" \/>\n\t<meta property=\"og:image:width\" content=\"600\" \/>\n\t<meta property=\"og:image:height\" content=\"335\" \/>\n\t<meta property=\"og:image:type\" content=\"image\/png\" \/>\n<meta name=\"twitter:card\" content=\"summary_large_image\" \/>\n<meta name=\"twitter:site\" content=\"@penderventures\" \/>\n<meta name=\"twitter:label1\" content=\"Dur\u00e9e de lecture estim\u00e9e\" \/>\n\t<meta name=\"twitter:data1\" content=\"3 minutes\" \/>\n<script type=\"application\/ld+json\" class=\"yoast-schema-graph\">{\"@context\":\"https:\\\/\\\/schema.org\",\"@graph\":[{\"@type\":\"WebPage\",\"@id\":\"https:\\\/\\\/www.penderventures.com\\\/fr\\\/\",\"url\":\"https:\\\/\\\/www.penderventures.com\\\/fr\\\/\",\"name\":\"Accueil - Pender Ventures\",\"isPartOf\":{\"@id\":\"https:\\\/\\\/www.penderventures.com\\\/#website\"},\"primaryImageOfPage\":{\"@id\":\"https:\\\/\\\/www.penderventures.com\\\/fr\\\/#primaryimage\"},\"image\":{\"@id\":\"https:\\\/\\\/www.penderventures.com\\\/fr\\\/#primaryimage\"},\"thumbnailUrl\":\"https:\\\/\\\/www.penderventures.com\\\/wp-content\\\/uploads\\\/2023\\\/01\\\/pv_logo_SEO-2.png\",\"datePublished\":\"2022-10-27T04:56:14+00:00\",\"dateModified\":\"2023-01-31T17:21:32+00:00\",\"description\":\"Ici \u00e0 Pender Venture, nous investissons dans des entreprises en d\u00e9marrage de logiciels interentreprises (B2B) et de technologie de la sant\u00e9 au point d\u2019inflexion entre la commercialisation et la croissance\",\"breadcrumb\":{\"@id\":\"https:\\\/\\\/www.penderventures.com\\\/fr\\\/#breadcrumb\"},\"inLanguage\":\"fr-FR\",\"potentialAction\":[{\"@type\":\"ReadAction\",\"target\":[\"https:\\\/\\\/www.penderventures.com\\\/fr\\\/\"]}]},{\"@type\":\"ImageObject\",\"inLanguage\":\"fr-FR\",\"@id\":\"https:\\\/\\\/www.penderventures.com\\\/fr\\\/#primaryimage\",\"url\":\"https:\\\/\\\/www.penderventures.com\\\/wp-content\\\/uploads\\\/2023\\\/01\\\/pv_logo_SEO-2.png\",\"contentUrl\":\"https:\\\/\\\/www.penderventures.com\\\/wp-content\\\/uploads\\\/2023\\\/01\\\/pv_logo_SEO-2.png\",\"width\":600,\"height\":335},{\"@type\":\"BreadcrumbList\",\"@id\":\"https:\\\/\\\/www.penderventures.com\\\/fr\\\/#breadcrumb\",\"itemListElement\":[{\"@type\":\"ListItem\",\"position\":1,\"name\":\"Home\",\"item\":\"https:\\\/\\\/www.penderventures.com\\\/fr\\\/\"},{\"@type\":\"ListItem\",\"position\":2,\"name\":\"Accueil\"}]},{\"@type\":\"WebSite\",\"@id\":\"https:\\\/\\\/www.penderventures.com\\\/#website\",\"url\":\"https:\\\/\\\/www.penderventures.com\\\/\",\"name\":\"Pender Ventures\",\"description\":\"\",\"publisher\":{\"@id\":\"https:\\\/\\\/www.penderventures.com\\\/#organization\"},\"potentialAction\":[{\"@type\":\"SearchAction\",\"target\":{\"@type\":\"EntryPoint\",\"urlTemplate\":\"https:\\\/\\\/www.penderventures.com\\\/?s={search_term_string}\"},\"query-input\":{\"@type\":\"PropertyValueSpecification\",\"valueRequired\":true,\"valueName\":\"search_term_string\"}}],\"inLanguage\":\"fr-FR\"},{\"@type\":\"Organization\",\"@id\":\"https:\\\/\\\/www.penderventures.com\\\/#organization\",\"name\":\"Pender Ventures\",\"url\":\"https:\\\/\\\/www.penderventures.com\\\/\",\"logo\":{\"@type\":\"ImageObject\",\"inLanguage\":\"fr-FR\",\"@id\":\"https:\\\/\\\/www.penderventures.com\\\/#\\\/schema\\\/logo\\\/image\\\/\",\"url\":\"https:\\\/\\\/www.penderventures.com\\\/wp-content\\\/uploads\\\/2022\\\/10\\\/2020_Pender_Ventures_SecondaryHoriz_Eng-e1666819861664.png\",\"contentUrl\":\"https:\\\/\\\/www.penderventures.com\\\/wp-content\\\/uploads\\\/2022\\\/10\\\/2020_Pender_Ventures_SecondaryHoriz_Eng-e1666819861664.png\",\"width\":978,\"height\":127,\"caption\":\"Pender Ventures\"},\"image\":{\"@id\":\"https:\\\/\\\/www.penderventures.com\\\/#\\\/schema\\\/logo\\\/image\\\/\"},\"sameAs\":[\"https:\\\/\\\/x.com\\\/penderventures\",\"https:\\\/\\\/www.linkedin.com\\\/company\\\/pender-ventures\"]}]}<\/script>\n<!-- \/ Yoast SEO plugin. -->","yoast_head_json":{"title":"Accueil - Pender Ventures","description":"Ici \u00e0 Pender Venture, nous investissons dans des entreprises en d\u00e9marrage de logiciels interentreprises (B2B) et de technologie de la sant\u00e9 au point d\u2019inflexion entre la commercialisation et la croissance","robots":{"index":"index","follow":"follow","max-snippet":"max-snippet:-1","max-image-preview":"max-image-preview:large","max-video-preview":"max-video-preview:-1"},"canonical":"https:\/\/www.penderventures.com\/fr\/","og_locale":"fr_FR","og_type":"article","og_title":"Accueil - Pender Ventures","og_description":"Ici \u00e0 Pender Venture, nous investissons dans des entreprises en d\u00e9marrage de logiciels interentreprises (B2B) et de technologie de la sant\u00e9 au point d\u2019inflexion entre la commercialisation et la croissance","og_url":"https:\/\/www.penderventures.com\/fr\/","og_site_name":"Pender Ventures","article_modified_time":"2023-01-31T17:21:32+00:00","og_image":[{"width":600,"height":335,"url":"https:\/\/www.penderventures.com\/wp-content\/uploads\/2023\/01\/pv_logo_SEO-2.png","type":"image\/png"}],"twitter_card":"summary_large_image","twitter_site":"@penderventures","twitter_misc":{"Dur\u00e9e de lecture estim\u00e9e":"3 minutes"},"schema":{"@context":"https:\/\/schema.org","@graph":[{"@type":"WebPage","@id":"https:\/\/www.penderventures.com\/fr\/","url":"https:\/\/www.penderventures.com\/fr\/","name":"Accueil - Pender Ventures","isPartOf":{"@id":"https:\/\/www.penderventures.com\/#website"},"primaryImageOfPage":{"@id":"https:\/\/www.penderventures.com\/fr\/#primaryimage"},"image":{"@id":"https:\/\/www.penderventures.com\/fr\/#primaryimage"},"thumbnailUrl":"https:\/\/www.penderventures.com\/wp-content\/uploads\/2023\/01\/pv_logo_SEO-2.png","datePublished":"2022-10-27T04:56:14+00:00","dateModified":"2023-01-31T17:21:32+00:00","description":"Ici \u00e0 Pender Venture, nous investissons dans des entreprises en d\u00e9marrage de logiciels interentreprises (B2B) et de technologie de la sant\u00e9 au point d\u2019inflexion entre la commercialisation et la croissance","breadcrumb":{"@id":"https:\/\/www.penderventures.com\/fr\/#breadcrumb"},"inLanguage":"fr-FR","potentialAction":[{"@type":"ReadAction","target":["https:\/\/www.penderventures.com\/fr\/"]}]},{"@type":"ImageObject","inLanguage":"fr-FR","@id":"https:\/\/www.penderventures.com\/fr\/#primaryimage","url":"https:\/\/www.penderventures.com\/wp-content\/uploads\/2023\/01\/pv_logo_SEO-2.png","contentUrl":"https:\/\/www.penderventures.com\/wp-content\/uploads\/2023\/01\/pv_logo_SEO-2.png","width":600,"height":335},{"@type":"BreadcrumbList","@id":"https:\/\/www.penderventures.com\/fr\/#breadcrumb","itemListElement":[{"@type":"ListItem","position":1,"name":"Home","item":"https:\/\/www.penderventures.com\/fr\/"},{"@type":"ListItem","position":2,"name":"Accueil"}]},{"@type":"WebSite","@id":"https:\/\/www.penderventures.com\/#website","url":"https:\/\/www.penderventures.com\/","name":"Pender Ventures","description":"","publisher":{"@id":"https:\/\/www.penderventures.com\/#organization"},"potentialAction":[{"@type":"SearchAction","target":{"@type":"EntryPoint","urlTemplate":"https:\/\/www.penderventures.com\/?s={search_term_string}"},"query-input":{"@type":"PropertyValueSpecification","valueRequired":true,"valueName":"search_term_string"}}],"inLanguage":"fr-FR"},{"@type":"Organization","@id":"https:\/\/www.penderventures.com\/#organization","name":"Pender Ventures","url":"https:\/\/www.penderventures.com\/","logo":{"@type":"ImageObject","inLanguage":"fr-FR","@id":"https:\/\/www.penderventures.com\/#\/schema\/logo\/image\/","url":"https:\/\/www.penderventures.com\/wp-content\/uploads\/2022\/10\/2020_Pender_Ventures_SecondaryHoriz_Eng-e1666819861664.png","contentUrl":"https:\/\/www.penderventures.com\/wp-content\/uploads\/2022\/10\/2020_Pender_Ventures_SecondaryHoriz_Eng-e1666819861664.png","width":978,"height":127,"caption":"Pender Ventures"},"image":{"@id":"https:\/\/www.penderventures.com\/#\/schema\/logo\/image\/"},"sameAs":["https:\/\/x.com\/penderventures","https:\/\/www.linkedin.com\/company\/pender-ventures"]}]}},"jetpack_sharing_enabled":true,"_links":{"self":[{"href":"https:\/\/www.penderventures.com\/fr\/wp-json\/wp\/v2\/pages\/1705","targetHints":{"allow":["GET"]}}],"collection":[{"href":"https:\/\/www.penderventures.com\/fr\/wp-json\/wp\/v2\/pages"}],"about":[{"href":"https:\/\/www.penderventures.com\/fr\/wp-json\/wp\/v2\/types\/page"}],"author":[{"embeddable":true,"href":"https:\/\/www.penderventures.com\/fr\/wp-json\/wp\/v2\/users\/2"}],"replies":[{"embeddable":true,"href":"https:\/\/www.penderventures.com\/fr\/wp-json\/wp\/v2\/comments?post=1705"}],"version-history":[{"count":13,"href":"https:\/\/www.penderventures.com\/fr\/wp-json\/wp\/v2\/pages\/1705\/revisions"}],"predecessor-version":[{"id":4233,"href":"https:\/\/www.penderventures.com\/fr\/wp-json\/wp\/v2\/pages\/1705\/revisions\/4233"}],"wp:featuredmedia":[{"embeddable":true,"href":"https:\/\/www.penderventures.com\/fr\/wp-json\/wp\/v2\/media\/1911"}],"wp:attachment":[{"href":"https:\/\/www.penderventures.com\/fr\/wp-json\/wp\/v2\/media?parent=1705"}],"curies":[{"name":"wp","href":"https:\/\/api.w.org\/{rel}","templated":true}]}}