{"id":1631,"date":"2022-11-03T18:18:00","date_gmt":"2022-11-04T01:18:00","guid":{"rendered":"https:\/\/penderventures.com\/these\/"},"modified":"2025-06-25T11:50:05","modified_gmt":"2025-06-25T18:50:05","slug":"these","status":"publish","type":"page","link":"https:\/\/www.penderventures.com\/fr\/these\/","title":{"rendered":"Th\u00e8se"},"content":{"rendered":"\n<div class=\"wp-block-group cover-blue group-top\"><div class=\"wp-block-group__inner-container is-layout-constrained wp-block-group-is-layout-constrained\">\n<div class=\"wp-block-columns is-layout-flex wp-container-core-columns-is-layout-9d6595d7 wp-block-columns-is-layout-flex\">\n<div class=\"wp-block-column is-layout-flow wp-block-column-is-layout-flow\">\n<h2 class=\"wp-block-heading\">La fa\u00e7on Pender Ventures<\/h2>\n<\/div>\n\n\n\n<div class=\"wp-block-column is-vertically-aligned-bottom is-layout-flow wp-block-column-is-layout-flow\">\n<p>Notre vision consiste \u00e0 investir en fonction de certains principes fondamentaux, soit la cr\u00e9ation de la valeur, les unit\u00e9s \u00e9conomiques et les occasions sur les plus grands march\u00e9s. Notre mission a pour objectif de cr\u00e9er et d\u2019offrir ad\u00e9quation, transparence et int\u00e9r\u00eat cibl\u00e9, et ce, dans toutes nos activit\u00e9s. <\/p>\n<\/div>\n<\/div>\n<\/div><\/div>\n\n\n\n<div class=\"wp-block-group company-thesis-group\"><div class=\"wp-block-group__inner-container is-layout-constrained wp-block-group-is-layout-constrained\">\n<h2 class=\"wp-block-heading\">Notre th\u00e8se d\u2019investissement<\/h2>\n\n\n\n<div class=\"wp-block-columns thesis-values tablet-columns is-layout-flex wp-container-core-columns-is-layout-9d6595d7 wp-block-columns-is-layout-flex\">\n<div class=\"wp-block-column is-layout-flow wp-block-column-is-layout-flow\">\n<h4 class=\"wp-block-heading\">Valid\u00e9e<\/h4>\n\n\n\n<p>Preuves tangibles de l\u2019ad\u00e9quation entre le produit et le march\u00e9, mises en \u00e9vidence dans des revenus significatifs et r\u00e9it\u00e9rables, et pr\u00e9sence d\u2019au moins une strat\u00e9gie de commercialisation bien \u00e9tablie.<\/p>\n\n\n\n<h4 class=\"wp-block-heading\">Percutante<\/h4>\n\n\n\n<p>Produit utile qui a des r\u00e9percussions positives sur les clients et les intervenants, jumel\u00e9 \u00e0 une gestion efficace des risques soci\u00e9taux \u00e0 long terme.<\/p>\n\n\n\n<h4 class=\"wp-block-heading company-thesis-group\">R\u00e9siliente<\/h4>\n\n\n\n<p>Temps d\u2019absorption bien g\u00e9r\u00e9 et capacit\u00e9 \u00e9prouv\u00e9e de faire cro\u00eetre efficacement l\u2019entreprise \u00e0 l\u2019aide d\u2019un leadership \u00e9clair\u00e9 et d\u2019une rentabilit\u00e9 viable \u00e0 long terme.<\/p>\n<\/div>\n\n\n\n<div class=\"wp-block-column is-layout-flow wp-block-column-is-layout-flow\">\n<h4 class=\"wp-block-heading\">\u00c9volutive<\/h4>\n\n\n\n<p>Entreprise exploitant dans un march\u00e9 de taille au moyen d\u2019un produit et d\u2019un mod\u00e8le d\u2019entreprise qui peuvent \u00e9voluer rapidement advenant des ressources additionnelles. <\/p>\n\n\n\n<h4 class=\"wp-block-heading\">Diverse<\/h4>\n\n\n\n<p>Plus de 40 % des PDG du portefeuille de Pender sont des femmes ou des PANDC. \u00c0 cet \u00e9gard, nous cherchons toujours \u00e0 d\u00e9gager une performance de premier ordre.<\/p>\n<\/div>\n<\/div>\n<\/div><\/div>\n\n\n\n<div class=\"wp-block-cover is-light cover-blue\"><span aria-hidden=\"true\" class=\"wp-block-cover__background has-background-dim-0 has-background-dim\"><\/span><div class=\"wp-block-cover__inner-container is-layout-flow wp-block-cover-is-layout-flow\">\n<div class=\"wp-block-columns is-layout-flex wp-container-core-columns-is-layout-9d6595d7 wp-block-columns-is-layout-flex\">\n<div class=\"wp-block-column thesis-column is-layout-flow wp-block-column-is-layout-flow\">\n<div class=\"wp-block-gb-lottiefiles thesis-map\" style=\"background-color:transparent\"><lottie-player id=\"nmtbfxtn\" interactivitytype=\"none\" interactivitymode=\"none\" visibilitystart=\"0\" visibilityend=\"1\" framesstart=\"0\" framesend=\"25\" rest=\"{&quot;autoplay&quot;:true,&quot;loop&quot;:true,&quot;controls&quot;:null}\" totalframes=\"25\" mode=\"normal\" src=\"https:\/\/www.penderventures.com\/wp-content\/uploads\/2022\/11\/1669140149.json\" speed=\"1\" background=\"transparent\" class=\"lottie-player mx-auto\" style=\"width:100%;height:auto\"><\/lottie-player><\/div>\n<\/div>\n\n\n\n<div class=\"wp-block-column is-layout-flow wp-block-column-is-layout-flow\">\n<div class=\"wp-block-group\"><div class=\"wp-block-group__inner-container is-layout-constrained wp-block-group-is-layout-constrained\">\n<h3 class=\"wp-block-heading\">Notre approche de placement<\/h3>\n\n\n\n<p>Nous sommes des investisseurs th\u00e9tiques, c\u2019est-\u00e0-dire ax\u00e9s sur les donn\u00e9es fondamentales des soci\u00e9t\u00e9s et non sur les derni\u00e8res fureurs et tendances au sein du march\u00e9. Bien que nous ne ciblions pas une \u00e9tape pr\u00e9cise du d\u00e9veloppement, nous sommes particuli\u00e8rement s\u00e9duits par les entreprises de s\u00e9rie A. Nous pr\u00e9f\u00e9rons mener les rondes de n\u00e9gociation, mais n\u2019h\u00e9siterons pas \u00e0 nous joindre \u00e0 un syndicat. Nous sommes \u00e9galement pr\u00eats \u00e0 fournir un capital de base ou secondaire. Nous ciblons principalement les soci\u00e9t\u00e9s canadiennes, mais pouvons investir partout en Am\u00e9rique du Nord.<\/p>\n<\/div><\/div>\n<\/div>\n<\/div>\n<\/div><\/div>\n\n\n\n<div class=\"wp-block-group group-top\"><div class=\"wp-block-group__inner-container is-layout-constrained wp-block-group-is-layout-constrained\">\n<h3 class=\"wp-block-heading\">Notre th\u00e8se en mati\u00e8re des technologies de la sant\u00e9<\/h3>\n\n\n\n<h4 class=\"wp-block-heading\"><em>Des logiciels plus performants pour une soci\u00e9t\u00e9 en meilleure sant\u00e9<\/em><\/h4>\n\n\n\n<p>Le secteur des soins de la sant\u00e9 rev\u00eat une importance primordiale dans notre soci\u00e9t\u00e9. Repr\u00e9sentant 15 % du PIB en Am\u00e9rique du Nord, ce secteur figure \u00e9galement parmi les principaux moteurs de l\u2019activit\u00e9 \u00e9conomique. Au cours des 50 derni\u00e8res ann\u00e9es, les logiciels ont compl\u00e8tement chang\u00e9 la fa\u00e7on de prodiguer les soins de sant\u00e9. Toutefois, malgr\u00e9 les progr\u00e8s r\u00e9alis\u00e9s, un manque \u00e0 combler massif demeure sur le plan de l\u2019interop\u00e9rabilit\u00e9, de l\u2019am\u00e9lioration de l\u2019exp\u00e9rience des utilisateurs et de la mise \u00e0 niveau des pr\u00e9visions et processus d\u00e9cisionnels fond\u00e9s sur les donn\u00e9es \u00e0 tous les niveaux de la cha\u00eene de valeur de soins de la sant\u00e9. Pour en savoir davantage sur notre perspective du march\u00e9 des technologies de la sant\u00e9, consultez notre rapport du financement des technologies des soins de la&nbsp;<a href=\"https:\/\/113ac7eb-84b8-43f4-ab4b-f9c8419a1f1f.usrfiles.com\/ugd\/113ac7_220dc11a64da4de485b0b0c357fce556.pdf\">sant\u00e9 et notre carte de ce march\u00e9 de 2022<\/a>.<\/p>\n<\/div><\/div>\n\n\n\n<div class=\"wp-block-group group-top cover-blue\"><div class=\"wp-block-group__inner-container is-layout-constrained wp-block-group-is-layout-constrained\">\n<h3 class=\"wp-block-heading\">Notre th\u00e8se \u00e0 l\u2019\u00e9gard des logiciels<\/h3>\n\n\n\n<h4 class=\"wp-block-heading\"><em>Des outils de premier ordre pour des utilisateurs bien d\u00e9finis<\/em><\/h4>\n\n\n\n<p>Selon nous, les entreprises logicielles continueront de mener la charge en mati\u00e8re d\u2019innovation suivant le remplacement des anciens syst\u00e8mes par des outils modernes qui priorisent l\u2019int\u00e9gration, l\u2019exp\u00e9rience des utilisateurs et la mise \u00e0 profit intelligente des donn\u00e9es. En tant qu\u2019investisseurs logiciels, notre objectif consiste \u00e0 trouver des entreprises nanties de solutions \u00e0 RCI \u00e9lev\u00e9 qui ont d\u00e9montr\u00e9 qu\u2019elles \u00e9taient en mesure d\u2019augmenter leurs revenus, de r\u00e9duire les co\u00fbts et\/ou d\u2019am\u00e9liorer leurs r\u00e9sultats.<\/p>\n<\/div><\/div>\n","protected":false},"excerpt":{"rendered":"<p>La fa\u00e7on Pender Ventures Notre vision consiste \u00e0 investir en fonction de certains principes fondamentaux, soit la cr\u00e9ation de la valeur, les unit\u00e9s \u00e9conomiques et les occasions sur les plus grands march\u00e9s. Notre mission a pour objectif de cr\u00e9er et d\u2019offrir ad\u00e9quation, transparence et int\u00e9r\u00eat cibl\u00e9, et ce, dans toutes nos activit\u00e9s. Notre th\u00e8se d\u2019investissement [&hellip;]<\/p>\n","protected":false},"author":2,"featured_media":0,"parent":0,"menu_order":0,"comment_status":"closed","ping_status":"closed","template":"","meta":{"footnotes":""},"class_list":["post-1631","page","type-page","status-publish","hentry"],"yoast_head":"<!-- This site is optimized with the Yoast SEO plugin v27.6 - https:\/\/yoast.com\/product\/yoast-seo-wordpress\/ -->\n<title>Th\u00e8se - Pender Ventures<\/title>\n<meta name=\"robots\" content=\"index, follow, max-snippet:-1, max-image-preview:large, max-video-preview:-1\" \/>\n<link rel=\"canonical\" href=\"https:\/\/www.penderventures.com\/fr\/these\/\" \/>\n<meta property=\"og:locale\" content=\"fr_FR\" \/>\n<meta property=\"og:type\" content=\"article\" \/>\n<meta property=\"og:title\" content=\"Th\u00e8se - Pender Ventures\" \/>\n<meta property=\"og:description\" content=\"La fa\u00e7on Pender Ventures Notre vision consiste \u00e0 investir en fonction de certains principes fondamentaux, soit la cr\u00e9ation de la valeur, les unit\u00e9s \u00e9conomiques et les occasions sur les plus grands march\u00e9s. Notre mission a pour objectif de cr\u00e9er et d\u2019offrir ad\u00e9quation, transparence et int\u00e9r\u00eat cibl\u00e9, et ce, dans toutes nos activit\u00e9s. Notre th\u00e8se d\u2019investissement [&hellip;]\" \/>\n<meta property=\"og:url\" content=\"https:\/\/www.penderventures.com\/fr\/these\/\" \/>\n<meta property=\"og:site_name\" content=\"Pender Ventures\" \/>\n<meta property=\"article:modified_time\" content=\"2025-06-25T18:50:05+00:00\" \/>\n<meta name=\"twitter:card\" content=\"summary_large_image\" \/>\n<meta name=\"twitter:site\" content=\"@penderventures\" \/>\n<meta name=\"twitter:label1\" content=\"Dur\u00e9e de lecture estim\u00e9e\" \/>\n\t<meta name=\"twitter:data1\" content=\"3 minutes\" \/>\n<script type=\"application\/ld+json\" class=\"yoast-schema-graph\">{\"@context\":\"https:\\\/\\\/schema.org\",\"@graph\":[{\"@type\":\"WebPage\",\"@id\":\"https:\\\/\\\/www.penderventures.com\\\/fr\\\/these\\\/\",\"url\":\"https:\\\/\\\/www.penderventures.com\\\/fr\\\/these\\\/\",\"name\":\"Th\u00e8se - Pender Ventures\",\"isPartOf\":{\"@id\":\"https:\\\/\\\/www.penderventures.com\\\/#website\"},\"datePublished\":\"2022-11-04T01:18:00+00:00\",\"dateModified\":\"2025-06-25T18:50:05+00:00\",\"breadcrumb\":{\"@id\":\"https:\\\/\\\/www.penderventures.com\\\/fr\\\/these\\\/#breadcrumb\"},\"inLanguage\":\"fr-FR\",\"potentialAction\":[{\"@type\":\"ReadAction\",\"target\":[\"https:\\\/\\\/www.penderventures.com\\\/fr\\\/these\\\/\"]}]},{\"@type\":\"BreadcrumbList\",\"@id\":\"https:\\\/\\\/www.penderventures.com\\\/fr\\\/these\\\/#breadcrumb\",\"itemListElement\":[{\"@type\":\"ListItem\",\"position\":1,\"name\":\"Home\",\"item\":\"https:\\\/\\\/www.penderventures.com\\\/fr\\\/\"},{\"@type\":\"ListItem\",\"position\":2,\"name\":\"Th\u00e8se\"}]},{\"@type\":\"WebSite\",\"@id\":\"https:\\\/\\\/www.penderventures.com\\\/#website\",\"url\":\"https:\\\/\\\/www.penderventures.com\\\/\",\"name\":\"Pender Ventures\",\"description\":\"\",\"publisher\":{\"@id\":\"https:\\\/\\\/www.penderventures.com\\\/#organization\"},\"potentialAction\":[{\"@type\":\"SearchAction\",\"target\":{\"@type\":\"EntryPoint\",\"urlTemplate\":\"https:\\\/\\\/www.penderventures.com\\\/?s={search_term_string}\"},\"query-input\":{\"@type\":\"PropertyValueSpecification\",\"valueRequired\":true,\"valueName\":\"search_term_string\"}}],\"inLanguage\":\"fr-FR\"},{\"@type\":\"Organization\",\"@id\":\"https:\\\/\\\/www.penderventures.com\\\/#organization\",\"name\":\"Pender Ventures\",\"url\":\"https:\\\/\\\/www.penderventures.com\\\/\",\"logo\":{\"@type\":\"ImageObject\",\"inLanguage\":\"fr-FR\",\"@id\":\"https:\\\/\\\/www.penderventures.com\\\/#\\\/schema\\\/logo\\\/image\\\/\",\"url\":\"https:\\\/\\\/www.penderventures.com\\\/wp-content\\\/uploads\\\/2022\\\/10\\\/2020_Pender_Ventures_SecondaryHoriz_Eng-e1666819861664.png\",\"contentUrl\":\"https:\\\/\\\/www.penderventures.com\\\/wp-content\\\/uploads\\\/2022\\\/10\\\/2020_Pender_Ventures_SecondaryHoriz_Eng-e1666819861664.png\",\"width\":978,\"height\":127,\"caption\":\"Pender Ventures\"},\"image\":{\"@id\":\"https:\\\/\\\/www.penderventures.com\\\/#\\\/schema\\\/logo\\\/image\\\/\"},\"sameAs\":[\"https:\\\/\\\/x.com\\\/penderventures\",\"https:\\\/\\\/www.linkedin.com\\\/company\\\/pender-ventures\"]}]}<\/script>\n<!-- \/ Yoast SEO plugin. -->","yoast_head_json":{"title":"Th\u00e8se - Pender Ventures","robots":{"index":"index","follow":"follow","max-snippet":"max-snippet:-1","max-image-preview":"max-image-preview:large","max-video-preview":"max-video-preview:-1"},"canonical":"https:\/\/www.penderventures.com\/fr\/these\/","og_locale":"fr_FR","og_type":"article","og_title":"Th\u00e8se - Pender Ventures","og_description":"La fa\u00e7on Pender Ventures Notre vision consiste \u00e0 investir en fonction de certains principes fondamentaux, soit la cr\u00e9ation de la valeur, les unit\u00e9s \u00e9conomiques et les occasions sur les plus grands march\u00e9s. Notre mission a pour objectif de cr\u00e9er et d\u2019offrir ad\u00e9quation, transparence et int\u00e9r\u00eat cibl\u00e9, et ce, dans toutes nos activit\u00e9s. Notre th\u00e8se d\u2019investissement [&hellip;]","og_url":"https:\/\/www.penderventures.com\/fr\/these\/","og_site_name":"Pender Ventures","article_modified_time":"2025-06-25T18:50:05+00:00","twitter_card":"summary_large_image","twitter_site":"@penderventures","twitter_misc":{"Dur\u00e9e de lecture estim\u00e9e":"3 minutes"},"schema":{"@context":"https:\/\/schema.org","@graph":[{"@type":"WebPage","@id":"https:\/\/www.penderventures.com\/fr\/these\/","url":"https:\/\/www.penderventures.com\/fr\/these\/","name":"Th\u00e8se - Pender Ventures","isPartOf":{"@id":"https:\/\/www.penderventures.com\/#website"},"datePublished":"2022-11-04T01:18:00+00:00","dateModified":"2025-06-25T18:50:05+00:00","breadcrumb":{"@id":"https:\/\/www.penderventures.com\/fr\/these\/#breadcrumb"},"inLanguage":"fr-FR","potentialAction":[{"@type":"ReadAction","target":["https:\/\/www.penderventures.com\/fr\/these\/"]}]},{"@type":"BreadcrumbList","@id":"https:\/\/www.penderventures.com\/fr\/these\/#breadcrumb","itemListElement":[{"@type":"ListItem","position":1,"name":"Home","item":"https:\/\/www.penderventures.com\/fr\/"},{"@type":"ListItem","position":2,"name":"Th\u00e8se"}]},{"@type":"WebSite","@id":"https:\/\/www.penderventures.com\/#website","url":"https:\/\/www.penderventures.com\/","name":"Pender Ventures","description":"","publisher":{"@id":"https:\/\/www.penderventures.com\/#organization"},"potentialAction":[{"@type":"SearchAction","target":{"@type":"EntryPoint","urlTemplate":"https:\/\/www.penderventures.com\/?s={search_term_string}"},"query-input":{"@type":"PropertyValueSpecification","valueRequired":true,"valueName":"search_term_string"}}],"inLanguage":"fr-FR"},{"@type":"Organization","@id":"https:\/\/www.penderventures.com\/#organization","name":"Pender Ventures","url":"https:\/\/www.penderventures.com\/","logo":{"@type":"ImageObject","inLanguage":"fr-FR","@id":"https:\/\/www.penderventures.com\/#\/schema\/logo\/image\/","url":"https:\/\/www.penderventures.com\/wp-content\/uploads\/2022\/10\/2020_Pender_Ventures_SecondaryHoriz_Eng-e1666819861664.png","contentUrl":"https:\/\/www.penderventures.com\/wp-content\/uploads\/2022\/10\/2020_Pender_Ventures_SecondaryHoriz_Eng-e1666819861664.png","width":978,"height":127,"caption":"Pender Ventures"},"image":{"@id":"https:\/\/www.penderventures.com\/#\/schema\/logo\/image\/"},"sameAs":["https:\/\/x.com\/penderventures","https:\/\/www.linkedin.com\/company\/pender-ventures"]}]}},"jetpack_sharing_enabled":true,"_links":{"self":[{"href":"https:\/\/www.penderventures.com\/fr\/wp-json\/wp\/v2\/pages\/1631","targetHints":{"allow":["GET"]}}],"collection":[{"href":"https:\/\/www.penderventures.com\/fr\/wp-json\/wp\/v2\/pages"}],"about":[{"href":"https:\/\/www.penderventures.com\/fr\/wp-json\/wp\/v2\/types\/page"}],"author":[{"embeddable":true,"href":"https:\/\/www.penderventures.com\/fr\/wp-json\/wp\/v2\/users\/2"}],"replies":[{"embeddable":true,"href":"https:\/\/www.penderventures.com\/fr\/wp-json\/wp\/v2\/comments?post=1631"}],"version-history":[{"count":4,"href":"https:\/\/www.penderventures.com\/fr\/wp-json\/wp\/v2\/pages\/1631\/revisions"}],"predecessor-version":[{"id":4506,"href":"https:\/\/www.penderventures.com\/fr\/wp-json\/wp\/v2\/pages\/1631\/revisions\/4506"}],"wp:attachment":[{"href":"https:\/\/www.penderventures.com\/fr\/wp-json\/wp\/v2\/media?parent=1631"}],"curies":[{"name":"wp","href":"https:\/\/api.w.org\/{rel}","templated":true}]}}