{"id":1615,"date":"2022-11-17T16:42:42","date_gmt":"2022-11-18T00:42:42","guid":{"rendered":"https:\/\/penderventures.com\/nous-contacter\/"},"modified":"2024-04-11T16:38:01","modified_gmt":"2024-04-11T23:38:01","slug":"nous-contacter","status":"publish","type":"page","link":"https:\/\/www.penderventures.com\/fr\/nous-contacter\/","title":{"rendered":"Nous contacter"},"content":{"rendered":"\n<div class=\"wp-block-group group-top contact-title-group\"><div class=\"wp-block-group__inner-container is-layout-constrained wp-block-group-is-layout-constrained\">\n<h1 class=\"wp-block-heading has-text-align-left\">Nous contacter<\/h1>\n<\/div><\/div>\n\n\n\n<div class=\"wp-block-group\"><div class=\"wp-block-group__inner-container is-layout-constrained wp-block-group-is-layout-constrained\">\n<div class=\"wp-block-columns alignfull is-layout-flex wp-container-core-columns-is-layout-9d6595d7 wp-block-columns-is-layout-flex\">\n<div class=\"wp-block-column is-layout-flow wp-block-column-is-layout-flow\" style=\"flex-basis:66.66%\">\n<iframe loading=\"lazy\" src=\"https:\/\/go.penderventures.com\/l\/1050102\/2024-03-07\/3grg\" width=\"100%\" height=\"500\" type=\"text\/html\" frameborder=\"0\" allowTransparency=\"true\" style=\"border: 0\"><\/iframe>\n<\/div>\n\n\n\n<div class=\"wp-block-column is-layout-flow wp-block-column-is-layout-flow\" style=\"flex-basis:33.33%\">\n<h5 class=\"wp-block-heading\">Bureau de Vancouver<\/h5>\n\n\n\n<p>1830 &#8211; 1066 W Hastings St<br>Vancouver (Colombie-Britannique)  V6E 3X2<\/p>\n\n\n\n<h5 class=\"wp-block-heading\">Bureau de Montr\u00e9al<\/h5>\n\n\n\n<p>1 Place Ville-Marie, 3, bureau 12350<br>Montr\u00e9al (Qu\u00e9bec)  H3B 0E7<\/p>\n\n\n\n<p><a href=\"mailto:info@penderventures.com\">info@penderventures.com<\/a><\/p>\n<\/div>\n<\/div>\n<\/div><\/div>\n","protected":false},"excerpt":{"rendered":"<p>Nous contacter Bureau de Vancouver 1830 &#8211; 1066 W Hastings StVancouver (Colombie-Britannique) V6E 3X2 Bureau de Montr\u00e9al 1 Place Ville-Marie, 3, bureau 12350Montr\u00e9al (Qu\u00e9bec) H3B 0E7 info@penderventures.com<\/p>\n","protected":false},"author":2,"featured_media":0,"parent":0,"menu_order":0,"comment_status":"closed","ping_status":"closed","template":"","meta":{"footnotes":""},"class_list":["post-1615","page","type-page","status-publish","hentry"],"yoast_head":"<!-- This site is optimized with the Yoast SEO plugin v27.3 - https:\/\/yoast.com\/product\/yoast-seo-wordpress\/ -->\n<title>Nous contacter - Pender Ventures<\/title>\n<meta name=\"robots\" content=\"index, follow, max-snippet:-1, max-image-preview:large, max-video-preview:-1\" \/>\n<link rel=\"canonical\" href=\"https:\/\/www.penderventures.com\/fr\/nous-contacter\/\" \/>\n<meta property=\"og:locale\" content=\"fr_FR\" \/>\n<meta property=\"og:type\" content=\"article\" \/>\n<meta property=\"og:title\" content=\"Nous contacter - Pender Ventures\" \/>\n<meta property=\"og:description\" content=\"Nous contacter Bureau de Vancouver 1830 &#8211; 1066 W Hastings StVancouver (Colombie-Britannique) V6E 3X2 Bureau de Montr\u00e9al 1 Place Ville-Marie, 3, bureau 12350Montr\u00e9al (Qu\u00e9bec) H3B 0E7 info@penderventures.com\" \/>\n<meta property=\"og:url\" content=\"https:\/\/www.penderventures.com\/fr\/nous-contacter\/\" \/>\n<meta property=\"og:site_name\" content=\"Pender Ventures\" \/>\n<meta property=\"article:modified_time\" content=\"2024-04-11T23:38:01+00:00\" \/>\n<meta name=\"twitter:card\" content=\"summary_large_image\" \/>\n<meta name=\"twitter:site\" content=\"@penderventures\" \/>\n<meta name=\"twitter:label1\" content=\"Dur\u00e9e de lecture estim\u00e9e\" \/>\n\t<meta name=\"twitter:data1\" content=\"1 minute\" \/>\n<script type=\"application\/ld+json\" class=\"yoast-schema-graph\">{\"@context\":\"https:\\\/\\\/schema.org\",\"@graph\":[{\"@type\":\"WebPage\",\"@id\":\"https:\\\/\\\/www.penderventures.com\\\/fr\\\/nous-contacter\\\/\",\"url\":\"https:\\\/\\\/www.penderventures.com\\\/fr\\\/nous-contacter\\\/\",\"name\":\"Nous contacter - Pender Ventures\",\"isPartOf\":{\"@id\":\"https:\\\/\\\/www.penderventures.com\\\/#website\"},\"datePublished\":\"2022-11-18T00:42:42+00:00\",\"dateModified\":\"2024-04-11T23:38:01+00:00\",\"breadcrumb\":{\"@id\":\"https:\\\/\\\/www.penderventures.com\\\/fr\\\/nous-contacter\\\/#breadcrumb\"},\"inLanguage\":\"fr-FR\",\"potentialAction\":[{\"@type\":\"ReadAction\",\"target\":[\"https:\\\/\\\/www.penderventures.com\\\/fr\\\/nous-contacter\\\/\"]}]},{\"@type\":\"BreadcrumbList\",\"@id\":\"https:\\\/\\\/www.penderventures.com\\\/fr\\\/nous-contacter\\\/#breadcrumb\",\"itemListElement\":[{\"@type\":\"ListItem\",\"position\":1,\"name\":\"Home\",\"item\":\"https:\\\/\\\/www.penderventures.com\\\/fr\\\/\"},{\"@type\":\"ListItem\",\"position\":2,\"name\":\"Nous contacter\"}]},{\"@type\":\"WebSite\",\"@id\":\"https:\\\/\\\/www.penderventures.com\\\/#website\",\"url\":\"https:\\\/\\\/www.penderventures.com\\\/\",\"name\":\"Pender Ventures\",\"description\":\"\",\"publisher\":{\"@id\":\"https:\\\/\\\/www.penderventures.com\\\/#organization\"},\"potentialAction\":[{\"@type\":\"SearchAction\",\"target\":{\"@type\":\"EntryPoint\",\"urlTemplate\":\"https:\\\/\\\/www.penderventures.com\\\/?s={search_term_string}\"},\"query-input\":{\"@type\":\"PropertyValueSpecification\",\"valueRequired\":true,\"valueName\":\"search_term_string\"}}],\"inLanguage\":\"fr-FR\"},{\"@type\":\"Organization\",\"@id\":\"https:\\\/\\\/www.penderventures.com\\\/#organization\",\"name\":\"Pender Ventures\",\"url\":\"https:\\\/\\\/www.penderventures.com\\\/\",\"logo\":{\"@type\":\"ImageObject\",\"inLanguage\":\"fr-FR\",\"@id\":\"https:\\\/\\\/www.penderventures.com\\\/#\\\/schema\\\/logo\\\/image\\\/\",\"url\":\"https:\\\/\\\/www.penderventures.com\\\/wp-content\\\/uploads\\\/2022\\\/10\\\/2020_Pender_Ventures_SecondaryHoriz_Eng-e1666819861664.png\",\"contentUrl\":\"https:\\\/\\\/www.penderventures.com\\\/wp-content\\\/uploads\\\/2022\\\/10\\\/2020_Pender_Ventures_SecondaryHoriz_Eng-e1666819861664.png\",\"width\":978,\"height\":127,\"caption\":\"Pender Ventures\"},\"image\":{\"@id\":\"https:\\\/\\\/www.penderventures.com\\\/#\\\/schema\\\/logo\\\/image\\\/\"},\"sameAs\":[\"https:\\\/\\\/x.com\\\/penderventures\",\"https:\\\/\\\/www.linkedin.com\\\/company\\\/pender-ventures\"]}]}<\/script>\n<!-- \/ Yoast SEO plugin. -->","yoast_head_json":{"title":"Nous contacter - Pender Ventures","robots":{"index":"index","follow":"follow","max-snippet":"max-snippet:-1","max-image-preview":"max-image-preview:large","max-video-preview":"max-video-preview:-1"},"canonical":"https:\/\/www.penderventures.com\/fr\/nous-contacter\/","og_locale":"fr_FR","og_type":"article","og_title":"Nous contacter - Pender Ventures","og_description":"Nous contacter Bureau de Vancouver 1830 &#8211; 1066 W Hastings StVancouver (Colombie-Britannique) V6E 3X2 Bureau de Montr\u00e9al 1 Place Ville-Marie, 3, bureau 12350Montr\u00e9al (Qu\u00e9bec) H3B 0E7 info@penderventures.com","og_url":"https:\/\/www.penderventures.com\/fr\/nous-contacter\/","og_site_name":"Pender Ventures","article_modified_time":"2024-04-11T23:38:01+00:00","twitter_card":"summary_large_image","twitter_site":"@penderventures","twitter_misc":{"Dur\u00e9e de lecture estim\u00e9e":"1 minute"},"schema":{"@context":"https:\/\/schema.org","@graph":[{"@type":"WebPage","@id":"https:\/\/www.penderventures.com\/fr\/nous-contacter\/","url":"https:\/\/www.penderventures.com\/fr\/nous-contacter\/","name":"Nous contacter - Pender Ventures","isPartOf":{"@id":"https:\/\/www.penderventures.com\/#website"},"datePublished":"2022-11-18T00:42:42+00:00","dateModified":"2024-04-11T23:38:01+00:00","breadcrumb":{"@id":"https:\/\/www.penderventures.com\/fr\/nous-contacter\/#breadcrumb"},"inLanguage":"fr-FR","potentialAction":[{"@type":"ReadAction","target":["https:\/\/www.penderventures.com\/fr\/nous-contacter\/"]}]},{"@type":"BreadcrumbList","@id":"https:\/\/www.penderventures.com\/fr\/nous-contacter\/#breadcrumb","itemListElement":[{"@type":"ListItem","position":1,"name":"Home","item":"https:\/\/www.penderventures.com\/fr\/"},{"@type":"ListItem","position":2,"name":"Nous contacter"}]},{"@type":"WebSite","@id":"https:\/\/www.penderventures.com\/#website","url":"https:\/\/www.penderventures.com\/","name":"Pender Ventures","description":"","publisher":{"@id":"https:\/\/www.penderventures.com\/#organization"},"potentialAction":[{"@type":"SearchAction","target":{"@type":"EntryPoint","urlTemplate":"https:\/\/www.penderventures.com\/?s={search_term_string}"},"query-input":{"@type":"PropertyValueSpecification","valueRequired":true,"valueName":"search_term_string"}}],"inLanguage":"fr-FR"},{"@type":"Organization","@id":"https:\/\/www.penderventures.com\/#organization","name":"Pender Ventures","url":"https:\/\/www.penderventures.com\/","logo":{"@type":"ImageObject","inLanguage":"fr-FR","@id":"https:\/\/www.penderventures.com\/#\/schema\/logo\/image\/","url":"https:\/\/www.penderventures.com\/wp-content\/uploads\/2022\/10\/2020_Pender_Ventures_SecondaryHoriz_Eng-e1666819861664.png","contentUrl":"https:\/\/www.penderventures.com\/wp-content\/uploads\/2022\/10\/2020_Pender_Ventures_SecondaryHoriz_Eng-e1666819861664.png","width":978,"height":127,"caption":"Pender Ventures"},"image":{"@id":"https:\/\/www.penderventures.com\/#\/schema\/logo\/image\/"},"sameAs":["https:\/\/x.com\/penderventures","https:\/\/www.linkedin.com\/company\/pender-ventures"]}]}},"jetpack_sharing_enabled":true,"_links":{"self":[{"href":"https:\/\/www.penderventures.com\/fr\/wp-json\/wp\/v2\/pages\/1615","targetHints":{"allow":["GET"]}}],"collection":[{"href":"https:\/\/www.penderventures.com\/fr\/wp-json\/wp\/v2\/pages"}],"about":[{"href":"https:\/\/www.penderventures.com\/fr\/wp-json\/wp\/v2\/types\/page"}],"author":[{"embeddable":true,"href":"https:\/\/www.penderventures.com\/fr\/wp-json\/wp\/v2\/users\/2"}],"replies":[{"embeddable":true,"href":"https:\/\/www.penderventures.com\/fr\/wp-json\/wp\/v2\/comments?post=1615"}],"version-history":[{"count":4,"href":"https:\/\/www.penderventures.com\/fr\/wp-json\/wp\/v2\/pages\/1615\/revisions"}],"predecessor-version":[{"id":3939,"href":"https:\/\/www.penderventures.com\/fr\/wp-json\/wp\/v2\/pages\/1615\/revisions\/3939"}],"wp:attachment":[{"href":"https:\/\/www.penderventures.com\/fr\/wp-json\/wp\/v2\/media?parent=1615"}],"curies":[{"name":"wp","href":"https:\/\/api.w.org\/{rel}","templated":true}]}}