{"id":1586,"date":"2022-11-22T18:29:16","date_gmt":"2022-11-23T02:29:16","guid":{"rendered":"https:\/\/penderventures.com\/portefeuille\/drugbank\/"},"modified":"2025-05-22T16:21:25","modified_gmt":"2025-05-22T23:21:25","slug":"drugbank","status":"publish","type":"page","link":"https:\/\/www.penderventures.com\/fr\/portefeuille\/drugbank\/","title":{"rendered":"DrugBank"},"content":{"rendered":"\n<p>DrugBank est le grand portail num\u00e9rique qui s\u2019ouvre sur le monde de l\u2019information pharmaceutique. En outillant les scientifiques cliniques et les entreprises de logiciels ax\u00e9s sur les soins de sant\u00e9 avec des donn\u00e9es de tr\u00e8s grande qualit\u00e9, DrugBank joue un r\u00f4le critique dans le traitement, la pr\u00e9vention et le suivi des maladies. <\/p>\n","protected":false},"excerpt":{"rendered":"<p>DrugBank est le grand portail num\u00e9rique qui s\u2019ouvre sur le monde de l\u2019information pharmaceutique. En outillant les scientifiques cliniques et les entreprises de logiciels ax\u00e9s sur les soins de sant\u00e9 avec des donn\u00e9es de tr\u00e8s grande qualit\u00e9, DrugBank joue un r\u00f4le critique dans le traitement, la pr\u00e9vention et le suivi des maladies.<\/p>\n","protected":false},"author":2,"featured_media":1325,"parent":1576,"menu_order":0,"comment_status":"closed","ping_status":"closed","template":"page-company.php","meta":{"footnotes":""},"class_list":["post-1586","page","type-page","status-publish","has-post-thumbnail","hentry"],"yoast_head":"<!-- This site is optimized with the Yoast SEO plugin v27.4 - https:\/\/yoast.com\/product\/yoast-seo-wordpress\/ -->\n<title>DrugBank - Pender Ventures<\/title>\n<meta name=\"robots\" content=\"index, follow, max-snippet:-1, max-image-preview:large, max-video-preview:-1\" \/>\n<link rel=\"canonical\" href=\"https:\/\/www.penderventures.com\/fr\/portefeuille\/drugbank\/\" \/>\n<meta property=\"og:locale\" content=\"fr_FR\" \/>\n<meta property=\"og:type\" content=\"article\" \/>\n<meta property=\"og:title\" content=\"DrugBank - Pender Ventures\" \/>\n<meta property=\"og:description\" content=\"DrugBank est le grand portail num\u00e9rique qui s\u2019ouvre sur le monde de l\u2019information pharmaceutique. En outillant les scientifiques cliniques et les entreprises de logiciels ax\u00e9s sur les soins de sant\u00e9 avec des donn\u00e9es de tr\u00e8s grande qualit\u00e9, DrugBank joue un r\u00f4le critique dans le traitement, la pr\u00e9vention et le suivi des maladies.\" \/>\n<meta property=\"og:url\" content=\"https:\/\/www.penderventures.com\/fr\/portefeuille\/drugbank\/\" \/>\n<meta property=\"og:site_name\" content=\"Pender Ventures\" \/>\n<meta property=\"article:modified_time\" content=\"2025-05-22T23:21:25+00:00\" \/>\n<meta property=\"og:image\" content=\"https:\/\/www.penderventures.com\/wp-content\/uploads\/2022\/11\/Drugbank-logo-rgb.png\" \/>\n\t<meta property=\"og:image:width\" content=\"712\" \/>\n\t<meta property=\"og:image:height\" content=\"80\" \/>\n\t<meta property=\"og:image:type\" content=\"image\/png\" \/>\n<meta name=\"twitter:card\" content=\"summary_large_image\" \/>\n<meta name=\"twitter:site\" content=\"@penderventures\" \/>\n<meta name=\"twitter:label1\" content=\"Dur\u00e9e de lecture estim\u00e9e\" \/>\n\t<meta name=\"twitter:data1\" content=\"1 minute\" \/>\n<script type=\"application\/ld+json\" class=\"yoast-schema-graph\">{\"@context\":\"https:\\\/\\\/schema.org\",\"@graph\":[{\"@type\":\"WebPage\",\"@id\":\"https:\\\/\\\/www.penderventures.com\\\/fr\\\/portefeuille\\\/drugbank\\\/\",\"url\":\"https:\\\/\\\/www.penderventures.com\\\/fr\\\/portefeuille\\\/drugbank\\\/\",\"name\":\"DrugBank - Pender Ventures\",\"isPartOf\":{\"@id\":\"https:\\\/\\\/www.penderventures.com\\\/#website\"},\"primaryImageOfPage\":{\"@id\":\"https:\\\/\\\/www.penderventures.com\\\/fr\\\/portefeuille\\\/drugbank\\\/#primaryimage\"},\"image\":{\"@id\":\"https:\\\/\\\/www.penderventures.com\\\/fr\\\/portefeuille\\\/drugbank\\\/#primaryimage\"},\"thumbnailUrl\":\"https:\\\/\\\/www.penderventures.com\\\/wp-content\\\/uploads\\\/2022\\\/11\\\/Drugbank-logo-rgb.png\",\"datePublished\":\"2022-11-23T02:29:16+00:00\",\"dateModified\":\"2025-05-22T23:21:25+00:00\",\"breadcrumb\":{\"@id\":\"https:\\\/\\\/www.penderventures.com\\\/fr\\\/portefeuille\\\/drugbank\\\/#breadcrumb\"},\"inLanguage\":\"fr-FR\",\"potentialAction\":[{\"@type\":\"ReadAction\",\"target\":[\"https:\\\/\\\/www.penderventures.com\\\/fr\\\/portefeuille\\\/drugbank\\\/\"]}]},{\"@type\":\"ImageObject\",\"inLanguage\":\"fr-FR\",\"@id\":\"https:\\\/\\\/www.penderventures.com\\\/fr\\\/portefeuille\\\/drugbank\\\/#primaryimage\",\"url\":\"https:\\\/\\\/www.penderventures.com\\\/wp-content\\\/uploads\\\/2022\\\/11\\\/Drugbank-logo-rgb.png\",\"contentUrl\":\"https:\\\/\\\/www.penderventures.com\\\/wp-content\\\/uploads\\\/2022\\\/11\\\/Drugbank-logo-rgb.png\",\"width\":712,\"height\":80},{\"@type\":\"BreadcrumbList\",\"@id\":\"https:\\\/\\\/www.penderventures.com\\\/fr\\\/portefeuille\\\/drugbank\\\/#breadcrumb\",\"itemListElement\":[{\"@type\":\"ListItem\",\"position\":1,\"name\":\"Home\",\"item\":\"https:\\\/\\\/www.penderventures.com\\\/fr\\\/\"},{\"@type\":\"ListItem\",\"position\":2,\"name\":\"Portefeuille\",\"item\":\"https:\\\/\\\/www.penderventures.com\\\/portfolio\\\/\"},{\"@type\":\"ListItem\",\"position\":3,\"name\":\"DrugBank\"}]},{\"@type\":\"WebSite\",\"@id\":\"https:\\\/\\\/www.penderventures.com\\\/#website\",\"url\":\"https:\\\/\\\/www.penderventures.com\\\/\",\"name\":\"Pender Ventures\",\"description\":\"\",\"publisher\":{\"@id\":\"https:\\\/\\\/www.penderventures.com\\\/#organization\"},\"potentialAction\":[{\"@type\":\"SearchAction\",\"target\":{\"@type\":\"EntryPoint\",\"urlTemplate\":\"https:\\\/\\\/www.penderventures.com\\\/?s={search_term_string}\"},\"query-input\":{\"@type\":\"PropertyValueSpecification\",\"valueRequired\":true,\"valueName\":\"search_term_string\"}}],\"inLanguage\":\"fr-FR\"},{\"@type\":\"Organization\",\"@id\":\"https:\\\/\\\/www.penderventures.com\\\/#organization\",\"name\":\"Pender Ventures\",\"url\":\"https:\\\/\\\/www.penderventures.com\\\/\",\"logo\":{\"@type\":\"ImageObject\",\"inLanguage\":\"fr-FR\",\"@id\":\"https:\\\/\\\/www.penderventures.com\\\/#\\\/schema\\\/logo\\\/image\\\/\",\"url\":\"https:\\\/\\\/www.penderventures.com\\\/wp-content\\\/uploads\\\/2022\\\/10\\\/2020_Pender_Ventures_SecondaryHoriz_Eng-e1666819861664.png\",\"contentUrl\":\"https:\\\/\\\/www.penderventures.com\\\/wp-content\\\/uploads\\\/2022\\\/10\\\/2020_Pender_Ventures_SecondaryHoriz_Eng-e1666819861664.png\",\"width\":978,\"height\":127,\"caption\":\"Pender Ventures\"},\"image\":{\"@id\":\"https:\\\/\\\/www.penderventures.com\\\/#\\\/schema\\\/logo\\\/image\\\/\"},\"sameAs\":[\"https:\\\/\\\/x.com\\\/penderventures\",\"https:\\\/\\\/www.linkedin.com\\\/company\\\/pender-ventures\"]}]}<\/script>\n<!-- \/ Yoast SEO plugin. -->","yoast_head_json":{"title":"DrugBank - Pender Ventures","robots":{"index":"index","follow":"follow","max-snippet":"max-snippet:-1","max-image-preview":"max-image-preview:large","max-video-preview":"max-video-preview:-1"},"canonical":"https:\/\/www.penderventures.com\/fr\/portefeuille\/drugbank\/","og_locale":"fr_FR","og_type":"article","og_title":"DrugBank - Pender Ventures","og_description":"DrugBank est le grand portail num\u00e9rique qui s\u2019ouvre sur le monde de l\u2019information pharmaceutique. En outillant les scientifiques cliniques et les entreprises de logiciels ax\u00e9s sur les soins de sant\u00e9 avec des donn\u00e9es de tr\u00e8s grande qualit\u00e9, DrugBank joue un r\u00f4le critique dans le traitement, la pr\u00e9vention et le suivi des maladies.","og_url":"https:\/\/www.penderventures.com\/fr\/portefeuille\/drugbank\/","og_site_name":"Pender Ventures","article_modified_time":"2025-05-22T23:21:25+00:00","og_image":[{"width":712,"height":80,"url":"https:\/\/www.penderventures.com\/wp-content\/uploads\/2022\/11\/Drugbank-logo-rgb.png","type":"image\/png"}],"twitter_card":"summary_large_image","twitter_site":"@penderventures","twitter_misc":{"Dur\u00e9e de lecture estim\u00e9e":"1 minute"},"schema":{"@context":"https:\/\/schema.org","@graph":[{"@type":"WebPage","@id":"https:\/\/www.penderventures.com\/fr\/portefeuille\/drugbank\/","url":"https:\/\/www.penderventures.com\/fr\/portefeuille\/drugbank\/","name":"DrugBank - Pender Ventures","isPartOf":{"@id":"https:\/\/www.penderventures.com\/#website"},"primaryImageOfPage":{"@id":"https:\/\/www.penderventures.com\/fr\/portefeuille\/drugbank\/#primaryimage"},"image":{"@id":"https:\/\/www.penderventures.com\/fr\/portefeuille\/drugbank\/#primaryimage"},"thumbnailUrl":"https:\/\/www.penderventures.com\/wp-content\/uploads\/2022\/11\/Drugbank-logo-rgb.png","datePublished":"2022-11-23T02:29:16+00:00","dateModified":"2025-05-22T23:21:25+00:00","breadcrumb":{"@id":"https:\/\/www.penderventures.com\/fr\/portefeuille\/drugbank\/#breadcrumb"},"inLanguage":"fr-FR","potentialAction":[{"@type":"ReadAction","target":["https:\/\/www.penderventures.com\/fr\/portefeuille\/drugbank\/"]}]},{"@type":"ImageObject","inLanguage":"fr-FR","@id":"https:\/\/www.penderventures.com\/fr\/portefeuille\/drugbank\/#primaryimage","url":"https:\/\/www.penderventures.com\/wp-content\/uploads\/2022\/11\/Drugbank-logo-rgb.png","contentUrl":"https:\/\/www.penderventures.com\/wp-content\/uploads\/2022\/11\/Drugbank-logo-rgb.png","width":712,"height":80},{"@type":"BreadcrumbList","@id":"https:\/\/www.penderventures.com\/fr\/portefeuille\/drugbank\/#breadcrumb","itemListElement":[{"@type":"ListItem","position":1,"name":"Home","item":"https:\/\/www.penderventures.com\/fr\/"},{"@type":"ListItem","position":2,"name":"Portefeuille","item":"https:\/\/www.penderventures.com\/portfolio\/"},{"@type":"ListItem","position":3,"name":"DrugBank"}]},{"@type":"WebSite","@id":"https:\/\/www.penderventures.com\/#website","url":"https:\/\/www.penderventures.com\/","name":"Pender Ventures","description":"","publisher":{"@id":"https:\/\/www.penderventures.com\/#organization"},"potentialAction":[{"@type":"SearchAction","target":{"@type":"EntryPoint","urlTemplate":"https:\/\/www.penderventures.com\/?s={search_term_string}"},"query-input":{"@type":"PropertyValueSpecification","valueRequired":true,"valueName":"search_term_string"}}],"inLanguage":"fr-FR"},{"@type":"Organization","@id":"https:\/\/www.penderventures.com\/#organization","name":"Pender Ventures","url":"https:\/\/www.penderventures.com\/","logo":{"@type":"ImageObject","inLanguage":"fr-FR","@id":"https:\/\/www.penderventures.com\/#\/schema\/logo\/image\/","url":"https:\/\/www.penderventures.com\/wp-content\/uploads\/2022\/10\/2020_Pender_Ventures_SecondaryHoriz_Eng-e1666819861664.png","contentUrl":"https:\/\/www.penderventures.com\/wp-content\/uploads\/2022\/10\/2020_Pender_Ventures_SecondaryHoriz_Eng-e1666819861664.png","width":978,"height":127,"caption":"Pender Ventures"},"image":{"@id":"https:\/\/www.penderventures.com\/#\/schema\/logo\/image\/"},"sameAs":["https:\/\/x.com\/penderventures","https:\/\/www.linkedin.com\/company\/pender-ventures"]}]}},"jetpack_sharing_enabled":true,"_links":{"self":[{"href":"https:\/\/www.penderventures.com\/fr\/wp-json\/wp\/v2\/pages\/1586","targetHints":{"allow":["GET"]}}],"collection":[{"href":"https:\/\/www.penderventures.com\/fr\/wp-json\/wp\/v2\/pages"}],"about":[{"href":"https:\/\/www.penderventures.com\/fr\/wp-json\/wp\/v2\/types\/page"}],"author":[{"embeddable":true,"href":"https:\/\/www.penderventures.com\/fr\/wp-json\/wp\/v2\/users\/2"}],"replies":[{"embeddable":true,"href":"https:\/\/www.penderventures.com\/fr\/wp-json\/wp\/v2\/comments?post=1586"}],"version-history":[{"count":1,"href":"https:\/\/www.penderventures.com\/fr\/wp-json\/wp\/v2\/pages\/1586\/revisions"}],"predecessor-version":[{"id":4485,"href":"https:\/\/www.penderventures.com\/fr\/wp-json\/wp\/v2\/pages\/1586\/revisions\/4485"}],"up":[{"embeddable":true,"href":"https:\/\/www.penderventures.com\/fr\/wp-json\/wp\/v2\/pages\/1576"}],"wp:featuredmedia":[{"embeddable":true,"href":"https:\/\/www.penderventures.com\/fr\/wp-json\/wp\/v2\/media\/1325"}],"wp:attachment":[{"href":"https:\/\/www.penderventures.com\/fr\/wp-json\/wp\/v2\/media?parent=1586"}],"curies":[{"name":"wp","href":"https:\/\/api.w.org\/{rel}","templated":true}]}}