{"id":1584,"date":"2022-11-22T18:27:02","date_gmt":"2022-11-23T02:27:02","guid":{"rendered":"https:\/\/penderventures.com\/portefeuille\/distillersr\/"},"modified":"2025-05-22T16:17:54","modified_gmt":"2025-05-22T23:17:54","slug":"distillersr","status":"publish","type":"page","link":"https:\/\/www.penderventures.com\/fr\/portefeuille\/distillersr\/","title":{"rendered":"DistillerSR"},"content":{"rendered":"\n<p>DistillerSR transforme la fa\u00e7on dont les organismes sanitaires, acad\u00e9miques et gouvernementaux m\u00e8nent leur recherche fond\u00e9e sur des donn\u00e9es probantes. DistillerSR automatise la gestion des articles, soit le regroupement, le tri et l\u2019\u00e9valuation de ceux-ci, \u00e0 l\u2019aide d\u2019une intelligence artificielle et de flux de travail intelligents, permettant aux utilisateurs de gagner du temps et de r\u00e9duire les co\u00fbts associ\u00e9s \u00e0 la production de comptes-rendus tout en am\u00e9lioration la qualit\u00e9, la transparence et la reproductibilit\u00e9 des donn\u00e9es.<\/p>\n","protected":false},"excerpt":{"rendered":"<p>DistillerSR transforme la fa\u00e7on dont les organismes sanitaires, acad\u00e9miques et gouvernementaux m\u00e8nent leur recherche fond\u00e9e sur des donn\u00e9es probantes. DistillerSR automatise la gestion des articles, soit le regroupement, le tri et l\u2019\u00e9valuation de ceux-ci, \u00e0 l\u2019aide d\u2019une intelligence artificielle et de flux de travail intelligents, permettant aux utilisateurs de gagner du temps et de r\u00e9duire [&hellip;]<\/p>\n","protected":false},"author":2,"featured_media":1380,"parent":1576,"menu_order":0,"comment_status":"closed","ping_status":"closed","template":"page-company.php","meta":{"footnotes":""},"class_list":["post-1584","page","type-page","status-publish","has-post-thumbnail","hentry"],"yoast_head":"<!-- This site is optimized with the Yoast SEO plugin v27.4 - https:\/\/yoast.com\/product\/yoast-seo-wordpress\/ -->\n<title>DistillerSR - Pender Ventures<\/title>\n<meta name=\"robots\" content=\"index, follow, max-snippet:-1, max-image-preview:large, max-video-preview:-1\" \/>\n<link rel=\"canonical\" href=\"https:\/\/www.penderventures.com\/fr\/portefeuille\/distillersr\/\" \/>\n<meta property=\"og:locale\" content=\"fr_FR\" \/>\n<meta property=\"og:type\" content=\"article\" \/>\n<meta property=\"og:title\" content=\"DistillerSR - Pender Ventures\" \/>\n<meta property=\"og:description\" content=\"DistillerSR transforme la fa\u00e7on dont les organismes sanitaires, acad\u00e9miques et gouvernementaux m\u00e8nent leur recherche fond\u00e9e sur des donn\u00e9es probantes. DistillerSR automatise la gestion des articles, soit le regroupement, le tri et l\u2019\u00e9valuation de ceux-ci, \u00e0 l\u2019aide d\u2019une intelligence artificielle et de flux de travail intelligents, permettant aux utilisateurs de gagner du temps et de r\u00e9duire [&hellip;]\" \/>\n<meta property=\"og:url\" content=\"https:\/\/www.penderventures.com\/fr\/portefeuille\/distillersr\/\" \/>\n<meta property=\"og:site_name\" content=\"Pender Ventures\" \/>\n<meta property=\"article:modified_time\" content=\"2025-05-22T23:17:54+00:00\" \/>\n<meta property=\"og:image\" content=\"https:\/\/www.penderventures.com\/wp-content\/uploads\/2023\/01\/DistillerSR-Logo-Square.png\" \/>\n\t<meta property=\"og:image:width\" content=\"4000\" \/>\n\t<meta property=\"og:image:height\" content=\"4000\" \/>\n\t<meta property=\"og:image:type\" content=\"image\/png\" \/>\n<meta name=\"twitter:card\" content=\"summary_large_image\" \/>\n<meta name=\"twitter:site\" content=\"@penderventures\" \/>\n<meta name=\"twitter:label1\" content=\"Dur\u00e9e de lecture estim\u00e9e\" \/>\n\t<meta name=\"twitter:data1\" content=\"1 minute\" \/>\n<script type=\"application\/ld+json\" class=\"yoast-schema-graph\">{\"@context\":\"https:\\\/\\\/schema.org\",\"@graph\":[{\"@type\":\"WebPage\",\"@id\":\"https:\\\/\\\/www.penderventures.com\\\/fr\\\/portefeuille\\\/distillersr\\\/\",\"url\":\"https:\\\/\\\/www.penderventures.com\\\/fr\\\/portefeuille\\\/distillersr\\\/\",\"name\":\"DistillerSR - Pender Ventures\",\"isPartOf\":{\"@id\":\"https:\\\/\\\/www.penderventures.com\\\/#website\"},\"primaryImageOfPage\":{\"@id\":\"https:\\\/\\\/www.penderventures.com\\\/fr\\\/portefeuille\\\/distillersr\\\/#primaryimage\"},\"image\":{\"@id\":\"https:\\\/\\\/www.penderventures.com\\\/fr\\\/portefeuille\\\/distillersr\\\/#primaryimage\"},\"thumbnailUrl\":\"https:\\\/\\\/www.penderventures.com\\\/wp-content\\\/uploads\\\/2023\\\/01\\\/DistillerSR-Logo-Square.png\",\"datePublished\":\"2022-11-23T02:27:02+00:00\",\"dateModified\":\"2025-05-22T23:17:54+00:00\",\"breadcrumb\":{\"@id\":\"https:\\\/\\\/www.penderventures.com\\\/fr\\\/portefeuille\\\/distillersr\\\/#breadcrumb\"},\"inLanguage\":\"fr-FR\",\"potentialAction\":[{\"@type\":\"ReadAction\",\"target\":[\"https:\\\/\\\/www.penderventures.com\\\/fr\\\/portefeuille\\\/distillersr\\\/\"]}]},{\"@type\":\"ImageObject\",\"inLanguage\":\"fr-FR\",\"@id\":\"https:\\\/\\\/www.penderventures.com\\\/fr\\\/portefeuille\\\/distillersr\\\/#primaryimage\",\"url\":\"https:\\\/\\\/www.penderventures.com\\\/wp-content\\\/uploads\\\/2023\\\/01\\\/DistillerSR-Logo-Square.png\",\"contentUrl\":\"https:\\\/\\\/www.penderventures.com\\\/wp-content\\\/uploads\\\/2023\\\/01\\\/DistillerSR-Logo-Square.png\",\"width\":4000,\"height\":4000},{\"@type\":\"BreadcrumbList\",\"@id\":\"https:\\\/\\\/www.penderventures.com\\\/fr\\\/portefeuille\\\/distillersr\\\/#breadcrumb\",\"itemListElement\":[{\"@type\":\"ListItem\",\"position\":1,\"name\":\"Home\",\"item\":\"https:\\\/\\\/www.penderventures.com\\\/fr\\\/\"},{\"@type\":\"ListItem\",\"position\":2,\"name\":\"Portefeuille\",\"item\":\"https:\\\/\\\/www.penderventures.com\\\/portfolio\\\/\"},{\"@type\":\"ListItem\",\"position\":3,\"name\":\"DistillerSR\"}]},{\"@type\":\"WebSite\",\"@id\":\"https:\\\/\\\/www.penderventures.com\\\/#website\",\"url\":\"https:\\\/\\\/www.penderventures.com\\\/\",\"name\":\"Pender Ventures\",\"description\":\"\",\"publisher\":{\"@id\":\"https:\\\/\\\/www.penderventures.com\\\/#organization\"},\"potentialAction\":[{\"@type\":\"SearchAction\",\"target\":{\"@type\":\"EntryPoint\",\"urlTemplate\":\"https:\\\/\\\/www.penderventures.com\\\/?s={search_term_string}\"},\"query-input\":{\"@type\":\"PropertyValueSpecification\",\"valueRequired\":true,\"valueName\":\"search_term_string\"}}],\"inLanguage\":\"fr-FR\"},{\"@type\":\"Organization\",\"@id\":\"https:\\\/\\\/www.penderventures.com\\\/#organization\",\"name\":\"Pender Ventures\",\"url\":\"https:\\\/\\\/www.penderventures.com\\\/\",\"logo\":{\"@type\":\"ImageObject\",\"inLanguage\":\"fr-FR\",\"@id\":\"https:\\\/\\\/www.penderventures.com\\\/#\\\/schema\\\/logo\\\/image\\\/\",\"url\":\"https:\\\/\\\/www.penderventures.com\\\/wp-content\\\/uploads\\\/2022\\\/10\\\/2020_Pender_Ventures_SecondaryHoriz_Eng-e1666819861664.png\",\"contentUrl\":\"https:\\\/\\\/www.penderventures.com\\\/wp-content\\\/uploads\\\/2022\\\/10\\\/2020_Pender_Ventures_SecondaryHoriz_Eng-e1666819861664.png\",\"width\":978,\"height\":127,\"caption\":\"Pender Ventures\"},\"image\":{\"@id\":\"https:\\\/\\\/www.penderventures.com\\\/#\\\/schema\\\/logo\\\/image\\\/\"},\"sameAs\":[\"https:\\\/\\\/x.com\\\/penderventures\",\"https:\\\/\\\/www.linkedin.com\\\/company\\\/pender-ventures\"]}]}<\/script>\n<!-- \/ Yoast SEO plugin. -->","yoast_head_json":{"title":"DistillerSR - Pender Ventures","robots":{"index":"index","follow":"follow","max-snippet":"max-snippet:-1","max-image-preview":"max-image-preview:large","max-video-preview":"max-video-preview:-1"},"canonical":"https:\/\/www.penderventures.com\/fr\/portefeuille\/distillersr\/","og_locale":"fr_FR","og_type":"article","og_title":"DistillerSR - Pender Ventures","og_description":"DistillerSR transforme la fa\u00e7on dont les organismes sanitaires, acad\u00e9miques et gouvernementaux m\u00e8nent leur recherche fond\u00e9e sur des donn\u00e9es probantes. DistillerSR automatise la gestion des articles, soit le regroupement, le tri et l\u2019\u00e9valuation de ceux-ci, \u00e0 l\u2019aide d\u2019une intelligence artificielle et de flux de travail intelligents, permettant aux utilisateurs de gagner du temps et de r\u00e9duire [&hellip;]","og_url":"https:\/\/www.penderventures.com\/fr\/portefeuille\/distillersr\/","og_site_name":"Pender Ventures","article_modified_time":"2025-05-22T23:17:54+00:00","og_image":[{"width":4000,"height":4000,"url":"https:\/\/www.penderventures.com\/wp-content\/uploads\/2023\/01\/DistillerSR-Logo-Square.png","type":"image\/png"}],"twitter_card":"summary_large_image","twitter_site":"@penderventures","twitter_misc":{"Dur\u00e9e de lecture estim\u00e9e":"1 minute"},"schema":{"@context":"https:\/\/schema.org","@graph":[{"@type":"WebPage","@id":"https:\/\/www.penderventures.com\/fr\/portefeuille\/distillersr\/","url":"https:\/\/www.penderventures.com\/fr\/portefeuille\/distillersr\/","name":"DistillerSR - Pender Ventures","isPartOf":{"@id":"https:\/\/www.penderventures.com\/#website"},"primaryImageOfPage":{"@id":"https:\/\/www.penderventures.com\/fr\/portefeuille\/distillersr\/#primaryimage"},"image":{"@id":"https:\/\/www.penderventures.com\/fr\/portefeuille\/distillersr\/#primaryimage"},"thumbnailUrl":"https:\/\/www.penderventures.com\/wp-content\/uploads\/2023\/01\/DistillerSR-Logo-Square.png","datePublished":"2022-11-23T02:27:02+00:00","dateModified":"2025-05-22T23:17:54+00:00","breadcrumb":{"@id":"https:\/\/www.penderventures.com\/fr\/portefeuille\/distillersr\/#breadcrumb"},"inLanguage":"fr-FR","potentialAction":[{"@type":"ReadAction","target":["https:\/\/www.penderventures.com\/fr\/portefeuille\/distillersr\/"]}]},{"@type":"ImageObject","inLanguage":"fr-FR","@id":"https:\/\/www.penderventures.com\/fr\/portefeuille\/distillersr\/#primaryimage","url":"https:\/\/www.penderventures.com\/wp-content\/uploads\/2023\/01\/DistillerSR-Logo-Square.png","contentUrl":"https:\/\/www.penderventures.com\/wp-content\/uploads\/2023\/01\/DistillerSR-Logo-Square.png","width":4000,"height":4000},{"@type":"BreadcrumbList","@id":"https:\/\/www.penderventures.com\/fr\/portefeuille\/distillersr\/#breadcrumb","itemListElement":[{"@type":"ListItem","position":1,"name":"Home","item":"https:\/\/www.penderventures.com\/fr\/"},{"@type":"ListItem","position":2,"name":"Portefeuille","item":"https:\/\/www.penderventures.com\/portfolio\/"},{"@type":"ListItem","position":3,"name":"DistillerSR"}]},{"@type":"WebSite","@id":"https:\/\/www.penderventures.com\/#website","url":"https:\/\/www.penderventures.com\/","name":"Pender Ventures","description":"","publisher":{"@id":"https:\/\/www.penderventures.com\/#organization"},"potentialAction":[{"@type":"SearchAction","target":{"@type":"EntryPoint","urlTemplate":"https:\/\/www.penderventures.com\/?s={search_term_string}"},"query-input":{"@type":"PropertyValueSpecification","valueRequired":true,"valueName":"search_term_string"}}],"inLanguage":"fr-FR"},{"@type":"Organization","@id":"https:\/\/www.penderventures.com\/#organization","name":"Pender Ventures","url":"https:\/\/www.penderventures.com\/","logo":{"@type":"ImageObject","inLanguage":"fr-FR","@id":"https:\/\/www.penderventures.com\/#\/schema\/logo\/image\/","url":"https:\/\/www.penderventures.com\/wp-content\/uploads\/2022\/10\/2020_Pender_Ventures_SecondaryHoriz_Eng-e1666819861664.png","contentUrl":"https:\/\/www.penderventures.com\/wp-content\/uploads\/2022\/10\/2020_Pender_Ventures_SecondaryHoriz_Eng-e1666819861664.png","width":978,"height":127,"caption":"Pender Ventures"},"image":{"@id":"https:\/\/www.penderventures.com\/#\/schema\/logo\/image\/"},"sameAs":["https:\/\/x.com\/penderventures","https:\/\/www.linkedin.com\/company\/pender-ventures"]}]}},"jetpack_sharing_enabled":true,"_links":{"self":[{"href":"https:\/\/www.penderventures.com\/fr\/wp-json\/wp\/v2\/pages\/1584","targetHints":{"allow":["GET"]}}],"collection":[{"href":"https:\/\/www.penderventures.com\/fr\/wp-json\/wp\/v2\/pages"}],"about":[{"href":"https:\/\/www.penderventures.com\/fr\/wp-json\/wp\/v2\/types\/page"}],"author":[{"embeddable":true,"href":"https:\/\/www.penderventures.com\/fr\/wp-json\/wp\/v2\/users\/2"}],"replies":[{"embeddable":true,"href":"https:\/\/www.penderventures.com\/fr\/wp-json\/wp\/v2\/comments?post=1584"}],"version-history":[{"count":1,"href":"https:\/\/www.penderventures.com\/fr\/wp-json\/wp\/v2\/pages\/1584\/revisions"}],"predecessor-version":[{"id":4483,"href":"https:\/\/www.penderventures.com\/fr\/wp-json\/wp\/v2\/pages\/1584\/revisions\/4483"}],"up":[{"embeddable":true,"href":"https:\/\/www.penderventures.com\/fr\/wp-json\/wp\/v2\/pages\/1576"}],"wp:featuredmedia":[{"embeddable":true,"href":"https:\/\/www.penderventures.com\/fr\/wp-json\/wp\/v2\/media\/1380"}],"wp:attachment":[{"href":"https:\/\/www.penderventures.com\/fr\/wp-json\/wp\/v2\/media?parent=1584"}],"curies":[{"name":"wp","href":"https:\/\/api.w.org\/{rel}","templated":true}]}}