{"id":1582,"date":"2022-12-23T20:19:25","date_gmt":"2022-12-24T04:19:25","guid":{"rendered":"https:\/\/penderventures.com\/portefeuille\/copperleaf\/"},"modified":"2023-01-23T23:33:44","modified_gmt":"2023-01-23T23:33:44","slug":"copperleaf","status":"publish","type":"page","link":"https:\/\/www.penderventures.com\/fr\/portefeuille\/copperleaf\/","title":{"rendered":"Copperleaf"},"content":{"rendered":"\n<p>Copperleaf aide les organismes qui g\u00e8rent des infrastructures et des actifs essentiels \u00e0 d\u00e9cider quand et comment investir afin de maximiser l\u2019efficacit\u00e9 du capital, r\u00e9pondre aux objectifs de rendement, g\u00e9rer les risques et atteindre les buts financiers et ESG. Le produit Copperleaf<sup>\u00ae<\/sup> Decision Analytics Solution permet aux cadres principaux de prendre des d\u00e9cisions cl\u00e9s avantageuses dans des milieux r\u00e9glement\u00e9s et restreints sur le plan du capital. <\/p>\n","protected":false},"excerpt":{"rendered":"<p>Copperleaf aide les organismes qui g\u00e8rent des infrastructures et des actifs essentiels \u00e0 d\u00e9cider quand et comment investir afin de maximiser l\u2019efficacit\u00e9 du capital, r\u00e9pondre aux objectifs de rendement, g\u00e9rer les risques et atteindre les buts financiers et ESG. Le produit Copperleaf\u00ae Decision Analytics Solution permet aux cadres principaux de prendre des d\u00e9cisions cl\u00e9s avantageuses [&hellip;]<\/p>\n","protected":false},"author":2,"featured_media":1328,"parent":1576,"menu_order":0,"comment_status":"closed","ping_status":"closed","template":"page-company.php","meta":{"footnotes":""},"class_list":["post-1582","page","type-page","status-publish","has-post-thumbnail","hentry"],"yoast_head":"<!-- This site is optimized with the Yoast SEO plugin v27.4 - https:\/\/yoast.com\/product\/yoast-seo-wordpress\/ -->\n<title>Copperleaf - Pender Ventures<\/title>\n<meta name=\"robots\" content=\"index, follow, max-snippet:-1, max-image-preview:large, max-video-preview:-1\" \/>\n<link rel=\"canonical\" href=\"https:\/\/www.penderventures.com\/fr\/portefeuille\/copperleaf\/\" \/>\n<meta property=\"og:locale\" content=\"fr_FR\" \/>\n<meta property=\"og:type\" content=\"article\" \/>\n<meta property=\"og:title\" content=\"Copperleaf - Pender Ventures\" \/>\n<meta property=\"og:description\" content=\"Copperleaf aide les organismes qui g\u00e8rent des infrastructures et des actifs essentiels \u00e0 d\u00e9cider quand et comment investir afin de maximiser l\u2019efficacit\u00e9 du capital, r\u00e9pondre aux objectifs de rendement, g\u00e9rer les risques et atteindre les buts financiers et ESG. Le produit Copperleaf\u00ae Decision Analytics Solution permet aux cadres principaux de prendre des d\u00e9cisions cl\u00e9s avantageuses [&hellip;]\" \/>\n<meta property=\"og:url\" content=\"https:\/\/www.penderventures.com\/fr\/portefeuille\/copperleaf\/\" \/>\n<meta property=\"og:site_name\" content=\"Pender Ventures\" \/>\n<meta property=\"article:modified_time\" content=\"2023-01-23T23:33:44+00:00\" \/>\n<meta property=\"og:image\" content=\"https:\/\/www.penderventures.com\/wp-content\/uploads\/2022\/11\/Copperleaf-logo-rgb.png\" \/>\n\t<meta property=\"og:image:width\" content=\"837\" \/>\n\t<meta property=\"og:image:height\" content=\"150\" \/>\n\t<meta property=\"og:image:type\" content=\"image\/png\" \/>\n<meta name=\"twitter:card\" content=\"summary_large_image\" \/>\n<meta name=\"twitter:site\" content=\"@penderventures\" \/>\n<script type=\"application\/ld+json\" class=\"yoast-schema-graph\">{\"@context\":\"https:\\\/\\\/schema.org\",\"@graph\":[{\"@type\":\"WebPage\",\"@id\":\"https:\\\/\\\/www.penderventures.com\\\/fr\\\/portefeuille\\\/copperleaf\\\/\",\"url\":\"https:\\\/\\\/www.penderventures.com\\\/fr\\\/portefeuille\\\/copperleaf\\\/\",\"name\":\"Copperleaf - Pender Ventures\",\"isPartOf\":{\"@id\":\"https:\\\/\\\/www.penderventures.com\\\/#website\"},\"primaryImageOfPage\":{\"@id\":\"https:\\\/\\\/www.penderventures.com\\\/fr\\\/portefeuille\\\/copperleaf\\\/#primaryimage\"},\"image\":{\"@id\":\"https:\\\/\\\/www.penderventures.com\\\/fr\\\/portefeuille\\\/copperleaf\\\/#primaryimage\"},\"thumbnailUrl\":\"https:\\\/\\\/www.penderventures.com\\\/wp-content\\\/uploads\\\/2022\\\/11\\\/Copperleaf-logo-rgb.png\",\"datePublished\":\"2022-12-24T04:19:25+00:00\",\"dateModified\":\"2023-01-23T23:33:44+00:00\",\"breadcrumb\":{\"@id\":\"https:\\\/\\\/www.penderventures.com\\\/fr\\\/portefeuille\\\/copperleaf\\\/#breadcrumb\"},\"inLanguage\":\"fr-FR\",\"potentialAction\":[{\"@type\":\"ReadAction\",\"target\":[\"https:\\\/\\\/www.penderventures.com\\\/fr\\\/portefeuille\\\/copperleaf\\\/\"]}]},{\"@type\":\"ImageObject\",\"inLanguage\":\"fr-FR\",\"@id\":\"https:\\\/\\\/www.penderventures.com\\\/fr\\\/portefeuille\\\/copperleaf\\\/#primaryimage\",\"url\":\"https:\\\/\\\/www.penderventures.com\\\/wp-content\\\/uploads\\\/2022\\\/11\\\/Copperleaf-logo-rgb.png\",\"contentUrl\":\"https:\\\/\\\/www.penderventures.com\\\/wp-content\\\/uploads\\\/2022\\\/11\\\/Copperleaf-logo-rgb.png\",\"width\":837,\"height\":150},{\"@type\":\"BreadcrumbList\",\"@id\":\"https:\\\/\\\/www.penderventures.com\\\/fr\\\/portefeuille\\\/copperleaf\\\/#breadcrumb\",\"itemListElement\":[{\"@type\":\"ListItem\",\"position\":1,\"name\":\"Home\",\"item\":\"https:\\\/\\\/www.penderventures.com\\\/fr\\\/\"},{\"@type\":\"ListItem\",\"position\":2,\"name\":\"Portefeuille\",\"item\":\"https:\\\/\\\/www.penderventures.com\\\/portfolio\\\/\"},{\"@type\":\"ListItem\",\"position\":3,\"name\":\"Copperleaf\"}]},{\"@type\":\"WebSite\",\"@id\":\"https:\\\/\\\/www.penderventures.com\\\/#website\",\"url\":\"https:\\\/\\\/www.penderventures.com\\\/\",\"name\":\"Pender Ventures\",\"description\":\"\",\"publisher\":{\"@id\":\"https:\\\/\\\/www.penderventures.com\\\/#organization\"},\"potentialAction\":[{\"@type\":\"SearchAction\",\"target\":{\"@type\":\"EntryPoint\",\"urlTemplate\":\"https:\\\/\\\/www.penderventures.com\\\/?s={search_term_string}\"},\"query-input\":{\"@type\":\"PropertyValueSpecification\",\"valueRequired\":true,\"valueName\":\"search_term_string\"}}],\"inLanguage\":\"fr-FR\"},{\"@type\":\"Organization\",\"@id\":\"https:\\\/\\\/www.penderventures.com\\\/#organization\",\"name\":\"Pender Ventures\",\"url\":\"https:\\\/\\\/www.penderventures.com\\\/\",\"logo\":{\"@type\":\"ImageObject\",\"inLanguage\":\"fr-FR\",\"@id\":\"https:\\\/\\\/www.penderventures.com\\\/#\\\/schema\\\/logo\\\/image\\\/\",\"url\":\"https:\\\/\\\/www.penderventures.com\\\/wp-content\\\/uploads\\\/2022\\\/10\\\/2020_Pender_Ventures_SecondaryHoriz_Eng-e1666819861664.png\",\"contentUrl\":\"https:\\\/\\\/www.penderventures.com\\\/wp-content\\\/uploads\\\/2022\\\/10\\\/2020_Pender_Ventures_SecondaryHoriz_Eng-e1666819861664.png\",\"width\":978,\"height\":127,\"caption\":\"Pender Ventures\"},\"image\":{\"@id\":\"https:\\\/\\\/www.penderventures.com\\\/#\\\/schema\\\/logo\\\/image\\\/\"},\"sameAs\":[\"https:\\\/\\\/x.com\\\/penderventures\",\"https:\\\/\\\/www.linkedin.com\\\/company\\\/pender-ventures\"]}]}<\/script>\n<!-- \/ Yoast SEO plugin. -->","yoast_head_json":{"title":"Copperleaf - Pender Ventures","robots":{"index":"index","follow":"follow","max-snippet":"max-snippet:-1","max-image-preview":"max-image-preview:large","max-video-preview":"max-video-preview:-1"},"canonical":"https:\/\/www.penderventures.com\/fr\/portefeuille\/copperleaf\/","og_locale":"fr_FR","og_type":"article","og_title":"Copperleaf - Pender Ventures","og_description":"Copperleaf aide les organismes qui g\u00e8rent des infrastructures et des actifs essentiels \u00e0 d\u00e9cider quand et comment investir afin de maximiser l\u2019efficacit\u00e9 du capital, r\u00e9pondre aux objectifs de rendement, g\u00e9rer les risques et atteindre les buts financiers et ESG. Le produit Copperleaf\u00ae Decision Analytics Solution permet aux cadres principaux de prendre des d\u00e9cisions cl\u00e9s avantageuses [&hellip;]","og_url":"https:\/\/www.penderventures.com\/fr\/portefeuille\/copperleaf\/","og_site_name":"Pender Ventures","article_modified_time":"2023-01-23T23:33:44+00:00","og_image":[{"width":837,"height":150,"url":"https:\/\/www.penderventures.com\/wp-content\/uploads\/2022\/11\/Copperleaf-logo-rgb.png","type":"image\/png"}],"twitter_card":"summary_large_image","twitter_site":"@penderventures","schema":{"@context":"https:\/\/schema.org","@graph":[{"@type":"WebPage","@id":"https:\/\/www.penderventures.com\/fr\/portefeuille\/copperleaf\/","url":"https:\/\/www.penderventures.com\/fr\/portefeuille\/copperleaf\/","name":"Copperleaf - Pender Ventures","isPartOf":{"@id":"https:\/\/www.penderventures.com\/#website"},"primaryImageOfPage":{"@id":"https:\/\/www.penderventures.com\/fr\/portefeuille\/copperleaf\/#primaryimage"},"image":{"@id":"https:\/\/www.penderventures.com\/fr\/portefeuille\/copperleaf\/#primaryimage"},"thumbnailUrl":"https:\/\/www.penderventures.com\/wp-content\/uploads\/2022\/11\/Copperleaf-logo-rgb.png","datePublished":"2022-12-24T04:19:25+00:00","dateModified":"2023-01-23T23:33:44+00:00","breadcrumb":{"@id":"https:\/\/www.penderventures.com\/fr\/portefeuille\/copperleaf\/#breadcrumb"},"inLanguage":"fr-FR","potentialAction":[{"@type":"ReadAction","target":["https:\/\/www.penderventures.com\/fr\/portefeuille\/copperleaf\/"]}]},{"@type":"ImageObject","inLanguage":"fr-FR","@id":"https:\/\/www.penderventures.com\/fr\/portefeuille\/copperleaf\/#primaryimage","url":"https:\/\/www.penderventures.com\/wp-content\/uploads\/2022\/11\/Copperleaf-logo-rgb.png","contentUrl":"https:\/\/www.penderventures.com\/wp-content\/uploads\/2022\/11\/Copperleaf-logo-rgb.png","width":837,"height":150},{"@type":"BreadcrumbList","@id":"https:\/\/www.penderventures.com\/fr\/portefeuille\/copperleaf\/#breadcrumb","itemListElement":[{"@type":"ListItem","position":1,"name":"Home","item":"https:\/\/www.penderventures.com\/fr\/"},{"@type":"ListItem","position":2,"name":"Portefeuille","item":"https:\/\/www.penderventures.com\/portfolio\/"},{"@type":"ListItem","position":3,"name":"Copperleaf"}]},{"@type":"WebSite","@id":"https:\/\/www.penderventures.com\/#website","url":"https:\/\/www.penderventures.com\/","name":"Pender Ventures","description":"","publisher":{"@id":"https:\/\/www.penderventures.com\/#organization"},"potentialAction":[{"@type":"SearchAction","target":{"@type":"EntryPoint","urlTemplate":"https:\/\/www.penderventures.com\/?s={search_term_string}"},"query-input":{"@type":"PropertyValueSpecification","valueRequired":true,"valueName":"search_term_string"}}],"inLanguage":"fr-FR"},{"@type":"Organization","@id":"https:\/\/www.penderventures.com\/#organization","name":"Pender Ventures","url":"https:\/\/www.penderventures.com\/","logo":{"@type":"ImageObject","inLanguage":"fr-FR","@id":"https:\/\/www.penderventures.com\/#\/schema\/logo\/image\/","url":"https:\/\/www.penderventures.com\/wp-content\/uploads\/2022\/10\/2020_Pender_Ventures_SecondaryHoriz_Eng-e1666819861664.png","contentUrl":"https:\/\/www.penderventures.com\/wp-content\/uploads\/2022\/10\/2020_Pender_Ventures_SecondaryHoriz_Eng-e1666819861664.png","width":978,"height":127,"caption":"Pender Ventures"},"image":{"@id":"https:\/\/www.penderventures.com\/#\/schema\/logo\/image\/"},"sameAs":["https:\/\/x.com\/penderventures","https:\/\/www.linkedin.com\/company\/pender-ventures"]}]}},"jetpack_sharing_enabled":true,"_links":{"self":[{"href":"https:\/\/www.penderventures.com\/fr\/wp-json\/wp\/v2\/pages\/1582","targetHints":{"allow":["GET"]}}],"collection":[{"href":"https:\/\/www.penderventures.com\/fr\/wp-json\/wp\/v2\/pages"}],"about":[{"href":"https:\/\/www.penderventures.com\/fr\/wp-json\/wp\/v2\/types\/page"}],"author":[{"embeddable":true,"href":"https:\/\/www.penderventures.com\/fr\/wp-json\/wp\/v2\/users\/2"}],"replies":[{"embeddable":true,"href":"https:\/\/www.penderventures.com\/fr\/wp-json\/wp\/v2\/comments?post=1582"}],"version-history":[{"count":0,"href":"https:\/\/www.penderventures.com\/fr\/wp-json\/wp\/v2\/pages\/1582\/revisions"}],"up":[{"embeddable":true,"href":"https:\/\/www.penderventures.com\/fr\/wp-json\/wp\/v2\/pages\/1576"}],"wp:featuredmedia":[{"embeddable":true,"href":"https:\/\/www.penderventures.com\/fr\/wp-json\/wp\/v2\/media\/1328"}],"wp:attachment":[{"href":"https:\/\/www.penderventures.com\/fr\/wp-json\/wp\/v2\/media?parent=1582"}],"curies":[{"name":"wp","href":"https:\/\/api.w.org\/{rel}","templated":true}]}}