{"id":1578,"date":"2022-11-22T18:14:58","date_gmt":"2022-11-23T02:14:58","guid":{"rendered":"https:\/\/penderventures.com\/portefeuille\/checkfront\/"},"modified":"2025-05-22T16:07:18","modified_gmt":"2025-05-22T23:07:18","slug":"checkfront","status":"publish","type":"page","link":"https:\/\/www.penderventures.com\/fr\/portefeuille\/checkfront\/","title":{"rendered":"Checkfront"},"content":{"rendered":"\n<p>Checkfront modernise l\u2019industrie du tourisme et des activit\u00e9s \u00e0 l\u2019aide d\u2019une solution ax\u00e9e sur la gestion des r\u00e9servations qui permet aux op\u00e9rateurs et aux chercheurs de sensations fortes d\u2019interagir num\u00e9riquement. Avec sa prise en charge int\u00e9grale, qui va de l\u2019horaire aux paiements en passant par la production de clients potentiels, la plateforme de Checkfront harmonise et simplifie les op\u00e9rations pour ses clients tout en permettant aux utilisateurs de vivre une exp\u00e9rience agr\u00e9able en ligne. <\/p>\n","protected":false},"excerpt":{"rendered":"<p>Checkfront modernise l\u2019industrie du tourisme et des activit\u00e9s \u00e0 l\u2019aide d\u2019une solution ax\u00e9e sur la gestion des r\u00e9servations qui permet aux op\u00e9rateurs et aux chercheurs de sensations fortes d\u2019interagir num\u00e9riquement. Avec sa prise en charge int\u00e9grale, qui va de l\u2019horaire aux paiements en passant par la production de clients potentiels, la plateforme de Checkfront harmonise [&hellip;]<\/p>\n","protected":false},"author":2,"featured_media":1331,"parent":1576,"menu_order":0,"comment_status":"closed","ping_status":"closed","template":"page-company.php","meta":{"footnotes":""},"class_list":["post-1578","page","type-page","status-publish","has-post-thumbnail","hentry"],"yoast_head":"<!-- This site is optimized with the Yoast SEO plugin v27.4 - https:\/\/yoast.com\/product\/yoast-seo-wordpress\/ -->\n<title>Checkfront - Pender Ventures<\/title>\n<meta name=\"robots\" content=\"index, follow, max-snippet:-1, max-image-preview:large, max-video-preview:-1\" \/>\n<link rel=\"canonical\" href=\"https:\/\/www.penderventures.com\/fr\/portefeuille\/checkfront\/\" \/>\n<meta property=\"og:locale\" content=\"fr_FR\" \/>\n<meta property=\"og:type\" content=\"article\" \/>\n<meta property=\"og:title\" content=\"Checkfront - Pender Ventures\" \/>\n<meta property=\"og:description\" content=\"Checkfront modernise l\u2019industrie du tourisme et des activit\u00e9s \u00e0 l\u2019aide d\u2019une solution ax\u00e9e sur la gestion des r\u00e9servations qui permet aux op\u00e9rateurs et aux chercheurs de sensations fortes d\u2019interagir num\u00e9riquement. Avec sa prise en charge int\u00e9grale, qui va de l\u2019horaire aux paiements en passant par la production de clients potentiels, la plateforme de Checkfront harmonise [&hellip;]\" \/>\n<meta property=\"og:url\" content=\"https:\/\/www.penderventures.com\/fr\/portefeuille\/checkfront\/\" \/>\n<meta property=\"og:site_name\" content=\"Pender Ventures\" \/>\n<meta property=\"article:modified_time\" content=\"2025-05-22T23:07:18+00:00\" \/>\n<meta property=\"og:image\" content=\"https:\/\/www.penderventures.com\/wp-content\/uploads\/2022\/11\/Checkfront-logo-rgb.png\" \/>\n\t<meta property=\"og:image:width\" content=\"545\" \/>\n\t<meta property=\"og:image:height\" content=\"100\" \/>\n\t<meta property=\"og:image:type\" content=\"image\/png\" \/>\n<meta name=\"twitter:card\" content=\"summary_large_image\" \/>\n<meta name=\"twitter:site\" content=\"@penderventures\" \/>\n<meta name=\"twitter:label1\" content=\"Dur\u00e9e de lecture estim\u00e9e\" \/>\n\t<meta name=\"twitter:data1\" content=\"1 minute\" \/>\n<script type=\"application\/ld+json\" class=\"yoast-schema-graph\">{\"@context\":\"https:\\\/\\\/schema.org\",\"@graph\":[{\"@type\":\"WebPage\",\"@id\":\"https:\\\/\\\/www.penderventures.com\\\/fr\\\/portefeuille\\\/checkfront\\\/\",\"url\":\"https:\\\/\\\/www.penderventures.com\\\/fr\\\/portefeuille\\\/checkfront\\\/\",\"name\":\"Checkfront - Pender Ventures\",\"isPartOf\":{\"@id\":\"https:\\\/\\\/www.penderventures.com\\\/#website\"},\"primaryImageOfPage\":{\"@id\":\"https:\\\/\\\/www.penderventures.com\\\/fr\\\/portefeuille\\\/checkfront\\\/#primaryimage\"},\"image\":{\"@id\":\"https:\\\/\\\/www.penderventures.com\\\/fr\\\/portefeuille\\\/checkfront\\\/#primaryimage\"},\"thumbnailUrl\":\"https:\\\/\\\/www.penderventures.com\\\/wp-content\\\/uploads\\\/2022\\\/11\\\/Checkfront-logo-rgb.png\",\"datePublished\":\"2022-11-23T02:14:58+00:00\",\"dateModified\":\"2025-05-22T23:07:18+00:00\",\"breadcrumb\":{\"@id\":\"https:\\\/\\\/www.penderventures.com\\\/fr\\\/portefeuille\\\/checkfront\\\/#breadcrumb\"},\"inLanguage\":\"fr-FR\",\"potentialAction\":[{\"@type\":\"ReadAction\",\"target\":[\"https:\\\/\\\/www.penderventures.com\\\/fr\\\/portefeuille\\\/checkfront\\\/\"]}]},{\"@type\":\"ImageObject\",\"inLanguage\":\"fr-FR\",\"@id\":\"https:\\\/\\\/www.penderventures.com\\\/fr\\\/portefeuille\\\/checkfront\\\/#primaryimage\",\"url\":\"https:\\\/\\\/www.penderventures.com\\\/wp-content\\\/uploads\\\/2022\\\/11\\\/Checkfront-logo-rgb.png\",\"contentUrl\":\"https:\\\/\\\/www.penderventures.com\\\/wp-content\\\/uploads\\\/2022\\\/11\\\/Checkfront-logo-rgb.png\",\"width\":545,\"height\":100},{\"@type\":\"BreadcrumbList\",\"@id\":\"https:\\\/\\\/www.penderventures.com\\\/fr\\\/portefeuille\\\/checkfront\\\/#breadcrumb\",\"itemListElement\":[{\"@type\":\"ListItem\",\"position\":1,\"name\":\"Home\",\"item\":\"https:\\\/\\\/www.penderventures.com\\\/fr\\\/\"},{\"@type\":\"ListItem\",\"position\":2,\"name\":\"Portefeuille\",\"item\":\"https:\\\/\\\/www.penderventures.com\\\/portfolio\\\/\"},{\"@type\":\"ListItem\",\"position\":3,\"name\":\"Checkfront\"}]},{\"@type\":\"WebSite\",\"@id\":\"https:\\\/\\\/www.penderventures.com\\\/#website\",\"url\":\"https:\\\/\\\/www.penderventures.com\\\/\",\"name\":\"Pender Ventures\",\"description\":\"\",\"publisher\":{\"@id\":\"https:\\\/\\\/www.penderventures.com\\\/#organization\"},\"potentialAction\":[{\"@type\":\"SearchAction\",\"target\":{\"@type\":\"EntryPoint\",\"urlTemplate\":\"https:\\\/\\\/www.penderventures.com\\\/?s={search_term_string}\"},\"query-input\":{\"@type\":\"PropertyValueSpecification\",\"valueRequired\":true,\"valueName\":\"search_term_string\"}}],\"inLanguage\":\"fr-FR\"},{\"@type\":\"Organization\",\"@id\":\"https:\\\/\\\/www.penderventures.com\\\/#organization\",\"name\":\"Pender Ventures\",\"url\":\"https:\\\/\\\/www.penderventures.com\\\/\",\"logo\":{\"@type\":\"ImageObject\",\"inLanguage\":\"fr-FR\",\"@id\":\"https:\\\/\\\/www.penderventures.com\\\/#\\\/schema\\\/logo\\\/image\\\/\",\"url\":\"https:\\\/\\\/www.penderventures.com\\\/wp-content\\\/uploads\\\/2022\\\/10\\\/2020_Pender_Ventures_SecondaryHoriz_Eng-e1666819861664.png\",\"contentUrl\":\"https:\\\/\\\/www.penderventures.com\\\/wp-content\\\/uploads\\\/2022\\\/10\\\/2020_Pender_Ventures_SecondaryHoriz_Eng-e1666819861664.png\",\"width\":978,\"height\":127,\"caption\":\"Pender Ventures\"},\"image\":{\"@id\":\"https:\\\/\\\/www.penderventures.com\\\/#\\\/schema\\\/logo\\\/image\\\/\"},\"sameAs\":[\"https:\\\/\\\/x.com\\\/penderventures\",\"https:\\\/\\\/www.linkedin.com\\\/company\\\/pender-ventures\"]}]}<\/script>\n<!-- \/ Yoast SEO plugin. -->","yoast_head_json":{"title":"Checkfront - Pender Ventures","robots":{"index":"index","follow":"follow","max-snippet":"max-snippet:-1","max-image-preview":"max-image-preview:large","max-video-preview":"max-video-preview:-1"},"canonical":"https:\/\/www.penderventures.com\/fr\/portefeuille\/checkfront\/","og_locale":"fr_FR","og_type":"article","og_title":"Checkfront - Pender Ventures","og_description":"Checkfront modernise l\u2019industrie du tourisme et des activit\u00e9s \u00e0 l\u2019aide d\u2019une solution ax\u00e9e sur la gestion des r\u00e9servations qui permet aux op\u00e9rateurs et aux chercheurs de sensations fortes d\u2019interagir num\u00e9riquement. Avec sa prise en charge int\u00e9grale, qui va de l\u2019horaire aux paiements en passant par la production de clients potentiels, la plateforme de Checkfront harmonise [&hellip;]","og_url":"https:\/\/www.penderventures.com\/fr\/portefeuille\/checkfront\/","og_site_name":"Pender Ventures","article_modified_time":"2025-05-22T23:07:18+00:00","og_image":[{"width":545,"height":100,"url":"https:\/\/www.penderventures.com\/wp-content\/uploads\/2022\/11\/Checkfront-logo-rgb.png","type":"image\/png"}],"twitter_card":"summary_large_image","twitter_site":"@penderventures","twitter_misc":{"Dur\u00e9e de lecture estim\u00e9e":"1 minute"},"schema":{"@context":"https:\/\/schema.org","@graph":[{"@type":"WebPage","@id":"https:\/\/www.penderventures.com\/fr\/portefeuille\/checkfront\/","url":"https:\/\/www.penderventures.com\/fr\/portefeuille\/checkfront\/","name":"Checkfront - Pender Ventures","isPartOf":{"@id":"https:\/\/www.penderventures.com\/#website"},"primaryImageOfPage":{"@id":"https:\/\/www.penderventures.com\/fr\/portefeuille\/checkfront\/#primaryimage"},"image":{"@id":"https:\/\/www.penderventures.com\/fr\/portefeuille\/checkfront\/#primaryimage"},"thumbnailUrl":"https:\/\/www.penderventures.com\/wp-content\/uploads\/2022\/11\/Checkfront-logo-rgb.png","datePublished":"2022-11-23T02:14:58+00:00","dateModified":"2025-05-22T23:07:18+00:00","breadcrumb":{"@id":"https:\/\/www.penderventures.com\/fr\/portefeuille\/checkfront\/#breadcrumb"},"inLanguage":"fr-FR","potentialAction":[{"@type":"ReadAction","target":["https:\/\/www.penderventures.com\/fr\/portefeuille\/checkfront\/"]}]},{"@type":"ImageObject","inLanguage":"fr-FR","@id":"https:\/\/www.penderventures.com\/fr\/portefeuille\/checkfront\/#primaryimage","url":"https:\/\/www.penderventures.com\/wp-content\/uploads\/2022\/11\/Checkfront-logo-rgb.png","contentUrl":"https:\/\/www.penderventures.com\/wp-content\/uploads\/2022\/11\/Checkfront-logo-rgb.png","width":545,"height":100},{"@type":"BreadcrumbList","@id":"https:\/\/www.penderventures.com\/fr\/portefeuille\/checkfront\/#breadcrumb","itemListElement":[{"@type":"ListItem","position":1,"name":"Home","item":"https:\/\/www.penderventures.com\/fr\/"},{"@type":"ListItem","position":2,"name":"Portefeuille","item":"https:\/\/www.penderventures.com\/portfolio\/"},{"@type":"ListItem","position":3,"name":"Checkfront"}]},{"@type":"WebSite","@id":"https:\/\/www.penderventures.com\/#website","url":"https:\/\/www.penderventures.com\/","name":"Pender Ventures","description":"","publisher":{"@id":"https:\/\/www.penderventures.com\/#organization"},"potentialAction":[{"@type":"SearchAction","target":{"@type":"EntryPoint","urlTemplate":"https:\/\/www.penderventures.com\/?s={search_term_string}"},"query-input":{"@type":"PropertyValueSpecification","valueRequired":true,"valueName":"search_term_string"}}],"inLanguage":"fr-FR"},{"@type":"Organization","@id":"https:\/\/www.penderventures.com\/#organization","name":"Pender Ventures","url":"https:\/\/www.penderventures.com\/","logo":{"@type":"ImageObject","inLanguage":"fr-FR","@id":"https:\/\/www.penderventures.com\/#\/schema\/logo\/image\/","url":"https:\/\/www.penderventures.com\/wp-content\/uploads\/2022\/10\/2020_Pender_Ventures_SecondaryHoriz_Eng-e1666819861664.png","contentUrl":"https:\/\/www.penderventures.com\/wp-content\/uploads\/2022\/10\/2020_Pender_Ventures_SecondaryHoriz_Eng-e1666819861664.png","width":978,"height":127,"caption":"Pender Ventures"},"image":{"@id":"https:\/\/www.penderventures.com\/#\/schema\/logo\/image\/"},"sameAs":["https:\/\/x.com\/penderventures","https:\/\/www.linkedin.com\/company\/pender-ventures"]}]}},"jetpack_sharing_enabled":true,"_links":{"self":[{"href":"https:\/\/www.penderventures.com\/fr\/wp-json\/wp\/v2\/pages\/1578","targetHints":{"allow":["GET"]}}],"collection":[{"href":"https:\/\/www.penderventures.com\/fr\/wp-json\/wp\/v2\/pages"}],"about":[{"href":"https:\/\/www.penderventures.com\/fr\/wp-json\/wp\/v2\/types\/page"}],"author":[{"embeddable":true,"href":"https:\/\/www.penderventures.com\/fr\/wp-json\/wp\/v2\/users\/2"}],"replies":[{"embeddable":true,"href":"https:\/\/www.penderventures.com\/fr\/wp-json\/wp\/v2\/comments?post=1578"}],"version-history":[{"count":1,"href":"https:\/\/www.penderventures.com\/fr\/wp-json\/wp\/v2\/pages\/1578\/revisions"}],"predecessor-version":[{"id":4481,"href":"https:\/\/www.penderventures.com\/fr\/wp-json\/wp\/v2\/pages\/1578\/revisions\/4481"}],"up":[{"embeddable":true,"href":"https:\/\/www.penderventures.com\/fr\/wp-json\/wp\/v2\/pages\/1576"}],"wp:featuredmedia":[{"embeddable":true,"href":"https:\/\/www.penderventures.com\/fr\/wp-json\/wp\/v2\/media\/1331"}],"wp:attachment":[{"href":"https:\/\/www.penderventures.com\/fr\/wp-json\/wp\/v2\/media?parent=1578"}],"curies":[{"name":"wp","href":"https:\/\/api.w.org\/{rel}","templated":true}]}}